{"id":27,"date":"2024-07-05T14:57:23","date_gmt":"2024-07-05T13:57:23","guid":{"rendered":"https:\/\/yetiouro.io\/?page_id=27"},"modified":"2024-07-24T11:14:21","modified_gmt":"2024-07-24T10:14:21","slug":"privacy-policy","status":"publish","type":"page","link":"https:\/\/yetiouro.io\/tr\/privacy-policy\/","title":{"rendered":"Gizlilik Politikalar\u0131"},"content":{"rendered":"<div data-elementor-type=\"wp-page\" data-elementor-id=\"27\" class=\"elementor elementor-27\" data-elementor-post-type=\"page\">\n\t\t\t\t<div class=\"elementor-element elementor-element-f4f219c e-flex e-con-boxed e-con e-parent\" data-id=\"f4f219c\" data-element_type=\"container\" data-settings=\"{&quot;background_background&quot;:&quot;classic&quot;}\">\n\t\t\t\t\t<div class=\"e-con-inner\">\n\t\t\r\n\t\t<div class=\"elementor-element elementor-element-b4103b2 elementor-widget elementor-widget-text-editor\" data-id=\"b4103b2\" data-element_type=\"widget\" data-widget_type=\"text-editor.default\">\n\t\t\t\t<div class=\"elementor-widget-container\">\n\t\t\t\t\t\t\t\t\t<p><b>Yeti Ouro i\u00e7in Gizlilik Politikas\u0131<\/b><\/p>\n<p>Yeti Ouro'ya ho\u015f geldiniz! Bu Gizlilik Politikas\u0131, H\u00fck\u00fcm ve Ko\u015fullar\u0131m\u0131z\u0131n ayr\u0131lmaz bir par\u00e7as\u0131d\u0131r. Bu Gizlilik Politikas\u0131nda kullan\u0131lan tan\u0131mlar, aksi belirtilmedik\u00e7e \u015eartlar'daki anlamlar\u0131yla ayn\u0131d\u0131r.<\/p>\n<p>Gizlilik Politikam\u0131z, Yeti Ouro ve Yeti Ouro Operat\u00f6rlerinin Yeti Ouro ve ortaklar\u0131 arac\u0131l\u0131\u011f\u0131yla elde edilen ki\u015fisel bilgileri nas\u0131l toplad\u0131\u011f\u0131n\u0131, kulland\u0131\u011f\u0131n\u0131, i\u015fledi\u011fini, if\u015fa etti\u011fini, payla\u015ft\u0131\u011f\u0131n\u0131, aktard\u0131\u011f\u0131n\u0131 ve korudu\u011funu \u00f6zetlemektedir. Ki\u015fisel bilgi talep etti\u011fimizde, bunun nedeni ya kanunen gerekli olmas\u0131 ya da belirtilen ama\u00e7lar\u0131m\u0131zla ilgili olmas\u0131d\u0131r. \u00c7erezlerin kullan\u0131m\u0131 hakk\u0131nda ayr\u0131nt\u0131l\u0131 bilgi i\u00e7in l\u00fctfen ayr\u0131 \u00c7erez Politikam\u0131za bak\u0131n.<\/p>\n<p>L\u00fctfen bu Gizlilik Politikas\u0131n\u0131 dikkatlice okumak i\u00e7in zaman ay\u0131r\u0131n. Yeti Ouro web sitesini ziyaret ederek, kay\u0131t olsan\u0131z da olmasan\u0131z da veya giri\u015f yapsan\u0131z da yapmasan\u0131z da, bu Gizlilik Politikas\u0131nda a\u00e7\u0131klanan \u015fartlar\u0131 kabul etmi\u015f, anlam\u0131\u015f ve onaylam\u0131\u015f olursunuz. Ki\u015fisel bilgilerinizi, sizi \u00f6nceden bilgilendirmeden ve onay\u0131n\u0131z\u0131 almadan bu Gizlilik Politikas\u0131nda, \u00c7erez Politikas\u0131nda veya \u015eartlarda yer almayan herhangi bir ama\u00e7 i\u00e7in kullanmayaca\u011f\u0131z.<\/p>\n<p>Avrupa Ekonomik Alan\u0131'nda (EEA) faaliyet g\u00f6sterdi\u011fimiz i\u00e7in, bu Gizlilik Politikas\u0131 Genel Veri Koruma Y\u00f6netmeli\u011fi'nden (GDPR) unsurlar i\u00e7ermektedir. GDPR'nin ki\u015fisel bilgilerin i\u015flenmesine ili\u015fkin kurallar\u0131na uyuyoruz. \u00dc\u00e7\u00fcnc\u00fc \u00fclkelere veri aktar\u0131mlar\u0131 i\u00e7in standart s\u00f6zle\u015fme maddelerini kullan\u0131yor, Avrupa Komisyonu'nun yeterlilik kararlar\u0131na g\u00fcveniyor ve ge\u00e7erli yasalar\u0131n gerektirdi\u011fi \u015fekilde onay\u0131n\u0131z\u0131 al\u0131yoruz.<\/p>\n<p><b>1. Toplad\u0131\u011f\u0131m\u0131z Veri T\u00fcrleri<\/b><\/p>\n<p>Do\u011frudan sizden veya \u00fc\u00e7\u00fcnc\u00fc taraflardan toplad\u0131\u011f\u0131m\u0131z ki\u015fisel veri t\u00fcrleri, toplama ko\u015fullar\u0131na ve hizmetin veya i\u015flemin niteli\u011fine ba\u011fl\u0131d\u0131r. Veriler a\u015fa\u011f\u0131dakileri i\u00e7erebilir, ancak bunlarla s\u0131n\u0131rl\u0131 de\u011fildir:<\/p>\n<p>- \u0130sim, do\u011fum tarihi ve kimlik numaralar\u0131 gibi bir bireyi tan\u0131mlayan ki\u015fisel bilgiler.<br>- Adres, telefon numaras\u0131, e-posta adresi ve Ethereum c\u00fczdan adresi dahil olmak \u00fczere ileti\u015fim bilgileri.<br>- API hizmetleri ve giri\u015fler i\u00e7in IP adresi gibi teknik bilgiler.<br>- Web sitesi ziyaretleri gibi istatistiksel veriler.<\/p>\n<p><b>2. Ki\u015fisel Verileri Nas\u0131l Topluyoruz?<\/b><\/p>\n<p>Bu Gizlilik Politikas\u0131, ki\u015fisel verilerin a\u015fa\u011f\u0131daki \u015fekillerde toplanmas\u0131n\u0131 kapsar:<\/p>\n<p>- \u00dcr\u00fcn ve hizmetlerimizle etkile\u015fime ge\u00e7ti\u011finizde.<br>- Bizde bir hesap olu\u015fturdu\u011funuzda.<br>- Di\u011fer herhangi bir s\u00f6zle\u015fmeye dayal\u0131 anla\u015fma veya d\u00fczenleme kapsam\u0131nda.<\/p>\n<p>Ki\u015fisel veri toplaman\u0131n baz\u0131 ek y\u00f6ntemleri a\u015fa\u011f\u0131dakileri i\u00e7erebilir, ancak bunlarla s\u0131n\u0131rl\u0131 de\u011fildir:<\/p>\n<p>- Telefon, mektup, faks ve e-posta yoluyla ileti\u015fim.<br>- Web sitesi ziyaretleri.<br>- Y\u00fcz y\u00fcze etkile\u015fimler.<br>- Sosyal medya platformlar\u0131 ve destek yard\u0131m masam\u0131z dahil olmak \u00fczere \u00fc\u00e7\u00fcnc\u00fc taraflardan elde edilen bilgiler.<br>- Veri i\u015fleme yoluyla potansiyel bilgi ekstrapolasyonu.<\/p>\n<p><span style=\"font-family: var( --e-global-typography-text-font-family ), Sans-serif; text-align: var(--text-align);\"><b>3. Ba\u015fka Hangi Verileri Topluyoruz?<\/b><\/span><\/p>\n<p>Ki\u015fisel verilerinizi web sitemizden ve hizmetlerimizden a\u015fa\u011f\u0131daki yollarla topluyoruz:<\/p>\n<p>- IP adresi: IP adresinizi sunucu sorunlar\u0131n\u0131 te\u015fhis etmek ve web sitemizi y\u00f6netmek i\u00e7in kullan\u0131r\u0131z. IP adresleri ki\u015fisel olarak tan\u0131mlanabilir bilgilerle ba\u011flant\u0131l\u0131 de\u011fildir.<br>- \u00c7erezler: Tercihleri saklamak ve oturum bilgilerini kaydetmek i\u00e7in baz\u0131 sayfalarda \u00e7erezler kullanarak daha ki\u015fiselle\u015ftirilmi\u015f bir kullan\u0131c\u0131 deneyimi sa\u011fl\u0131yoruz. \u00c7erezleri nas\u0131l kulland\u0131\u011f\u0131m\u0131z hakk\u0131nda ayr\u0131nt\u0131l\u0131 bilgi i\u00e7in l\u00fctfen \u00c7erez Politikam\u0131za bak\u0131n. \u00c7erezlerden toplanan bilgiler, sitemizin etkinli\u011fini de\u011ferlendirmemize, e\u011filimleri analiz etmemize ve platformu y\u00f6netmemize yard\u0131mc\u0131 olur. \u0130stenen \u00f6zellikleri tan\u0131yarak, eri\u015fim zorluklar\u0131n\u0131 ele alarak ve daha ki\u015fiselle\u015ftirilmi\u015f bir deneyim sa\u011flayarak kullan\u0131c\u0131 deneyimini geli\u015ftirmemizi sa\u011flar. \u00c7erezler \u00fc\u00e7\u00fcnc\u00fc taraf hizmet sa\u011flay\u0131c\u0131lar taraf\u0131ndan da kullan\u0131labilir. Siteyi kullanmaya devam etmeniz, \u00e7erezlerin cihaz\u0131n\u0131zda saklanmas\u0131na izin verdi\u011finiz anlam\u0131na gelir. Yetkisiz eri\u015fimi \u00f6nlemek i\u00e7in \u015fifrenizi ve bilgisayar\u0131n\u0131z\u0131 koruman\u0131z \u00f6nemlidir.<br>- Kullan\u0131c\u0131 geri bildirim formu: Geri bildirim formumuz, yorumlara yan\u0131t vermek ve \u015firketimiz hakk\u0131nda ilgili bilgileri sa\u011flamak i\u00e7in ileti\u015fim bilgilerini (\u00f6r. ad ve e-posta adresi) toplar.<br>- Site izleme: Site kullan\u0131m\u0131n\u0131 anlamam\u0131za yard\u0131mc\u0131 olmas\u0131 i\u00e7in \u00fc\u00e7\u00fcnc\u00fc taraf hizmet sa\u011flay\u0131c\u0131(lar) kullan\u0131yoruz. Bu hizmet sa\u011flay\u0131c\u0131lar bilgisayar\u0131n\u0131z\u0131n sabit diskine \u00e7erezler yerle\u015ftirir ve gezinme kal\u0131plar\u0131, sayfa tarama ve genel i\u015flem verileri gibi se\u00e7ilmi\u015f bilgileri al\u0131r. Bize analiz i\u00e7in toplu raporlar sa\u011flayarak ziyaret\u00e7ilerin ilgi alanlar\u0131n\u0131 anlamam\u0131za ve hizmetlerimizi geli\u015ftirmemize yard\u0131mc\u0131 olurlar. Hizmet sa\u011flay\u0131c\u0131(lar)\u0131m\u0131z taraf\u0131ndan toplanan bilgiler, siz platformu kullan\u0131rken toplad\u0131\u011f\u0131m\u0131z verilerle birle\u015ftirilebilir. Hizmet sa\u011flay\u0131c\u0131(lar)\u0131m\u0131z s\u00f6zle\u015fmeye ba\u011fl\u0131 olarak bu bilgileri yaln\u0131zca bize yard\u0131mc\u0131 olmak i\u00e7in kullanmakla y\u00fck\u00fcml\u00fcd\u00fcr.<\/p>\n<p><b>4. Ki\u015fisel Verilerinizi Ne \u0130\u00e7in Kullan\u0131yoruz?<\/b><\/p>\n<p>Ki\u015fisel verilerinizi a\u015fa\u011f\u0131daki ama\u00e7lar i\u00e7in kullan\u0131yoruz:<\/p>\n<p>- Size hizmetlerimizi sunmak ve ger\u00e7ekle\u015ftirmek.<br>- Kendinizin ve di\u011fer m\u00fc\u015fterilerin g\u00fcvenli\u011fini ve refah\u0131n\u0131 sa\u011flamak.<br>- Taleplerinizi ve sorular\u0131n\u0131z\u0131 ara\u015ft\u0131rmak ve yan\u0131tlamak.<br>- \u0130statistiksel ve pazarlama analizi, sistem testi, bak\u0131m ve geli\u015ftirme ve m\u00fc\u015fteri anketleri gibi i\u015f geli\u015ftirme faaliyetlerinin y\u00fcr\u00fct\u00fclmesi.<br>- Yasal ve d\u00fczenleyici gerekliliklere uymak.<br>- Yukar\u0131daki ama\u00e7larla ilgili di\u011fer ama\u00e7lar\u0131 ger\u00e7ekle\u015ftirmek.<\/p>\n<p>Temel ama\u00e7lara ek olarak, verilerinizi a\u015fa\u011f\u0131daki yard\u0131mc\u0131 ama\u00e7lar i\u00e7in de kullanabiliriz:<\/p>\n<p>- Teklifler, \u00fcr\u00fcnler, hizmetler ve \u00fcr\u00fcn ve faaliyetlerle ilgili bilgilerin iletilmesi.<br>- Pazarlama ve \u00e7apraz pazarlama faaliyetleri ve bizim, hizmet ortaklar\u0131m\u0131z\u0131n ve atanm\u0131\u015f temsilcilerimizin sundu\u011fu \u00fcr\u00fcn ve hizmetlerle ilgili ileti\u015fim.<br>- Yukar\u0131daki ama\u00e7larla ilgili \u015firketle ilgili di\u011fer ama\u00e7lar.<\/p>\n<p><b>5. Ki\u015fisel Verilerinize Eri\u015fme \/ D\u00fczeltme \/ G\u00fcncelleme<\/b><\/p>\n<p>\u0130kamet etti\u011finiz \u00fclkeye ve mevzuat\u0131na ba\u011fl\u0131 olarak, ki\u015fisel verilerinizin bir kopyas\u0131n\u0131 talep etme, ki\u015fisel verilerinizi silme, bunlarda de\u011fi\u015fiklik yapma veya i\u015flenmesini k\u0131s\u0131tlama hakk\u0131na sahip olabilirsiniz. Taleplerinize m\u00fcmk\u00fcn olan en k\u0131sa s\u00fcrede yan\u0131t verece\u011fiz, ancak talebin ger\u00e7ekli\u011fini do\u011frulamam\u0131z gerekebilir.<\/p>\n<p>Belirli durumlarda, yasal ve d\u00fczenleyici gerekliliklere uymak i\u00e7in veya sizinle aram\u0131zda bir anla\u015fmazl\u0131k olmas\u0131 durumunda KYC belgeleri gibi ek ki\u015fisel veriler talep edebiliriz.<\/p>\n<p>A\u015fa\u011f\u0131daki haklara sahipsiniz:<\/p>\n<p>- Eri\u015fim Hakk\u0131: Ki\u015fisel bilgilerinize eri\u015febilir veya kopyalar\u0131n\u0131 alabilirsiniz.<br>- D\u00fczeltme Hakk\u0131: Yanl\u0131\u015f ki\u015fisel bilgileri d\u00fczeltebilir ve eksik bilgileri tamamlayabilirsiniz.<br>- Silme Hakk\u0131: Belirli ko\u015fullar alt\u0131nda ki\u015fisel verilerinizin silinmesini talep edebilirsiniz.<br>- \u0130\u015flemenin K\u0131s\u0131tlanmas\u0131 Hakk\u0131: Belirli ko\u015fullar alt\u0131nda ki\u015fisel bilgilerinizin i\u015flenmesinin k\u0131s\u0131tlanmas\u0131n\u0131 talep edebilirsiniz.<br>- \u0130tiraz Etme Hakk\u0131: Belirli ko\u015fullar alt\u0131nda ki\u015fisel bilgilerinizin i\u015flenmesine itiraz edebilirsiniz.<br>- Veri Ta\u015f\u0131nabilirli\u011fi Hakk\u0131: Belirli ko\u015fullar alt\u0131nda ki\u015fisel bilgilerinizin ba\u015fka bir kuruma veya do\u011frudan size iletilmesini talep edebilirsiniz.<\/p>\n<p><b>6. Onay\u0131n Geri \u00c7ekilmesi<\/b><\/p>\n<p>Ki\u015fisel verilerinizin temel ama\u00e7lar i\u00e7in i\u015flenmesi, hizmetlerimizi sunabilmemiz i\u00e7in gereklidir. Ki\u015fisel verilerinizin yan ama\u00e7lar i\u00e7in i\u015flenmesine izin vermezseniz, hizmetlerimiz ve \u00fcr\u00fcnlerimiz hakk\u0131nda g\u00fcncellemeler alamayabilirsiniz.<\/p>\n<p>Posta listelerinden \u00e7\u0131karak, hesap ayarlar\u0131n\u0131z\u0131 d\u00fczenleyerek veya contact@yetiouro.io adresinden bir talep g\u00f6ndererek tan\u0131t\u0131m faaliyetlerini almay\u0131 durdurabilirsiniz.<\/p>\n<p><b>7. Ki\u015fisel Verilerinizin \u0130f\u015fas\u0131<\/b><\/p>\n<p>Ki\u015fisel verilerinizi \u00fc\u00e7\u00fcnc\u00fc taraflara satm\u0131yor veya ticaretini yapm\u0131yoruz. Ki\u015fisel verilerinizi yukar\u0131da belirtilen ama\u00e7lar do\u011frultusunda a\u015fa\u011f\u0131daki \u00fc\u00e7\u00fcnc\u00fc taraflara if\u015fa edebilir veya aktarabiliriz:<\/p>\n<p>- Veri ambarlar\u0131.<br>- BT hizmet sa\u011flay\u0131c\u0131lar\u0131.<br>- Veri analiti\u011fi ve\/veya pazarlama ajanslar\u0131.<br>- Yasalar\u0131n izin verdi\u011fi veya gerektirdi\u011fi \u015fekilde yasal organlar.<br>- Sizin i\u00e7in ge\u00e7erli olan d\u00fczenleyici makamlar.<br>- G\u00fcvenlik ve emniyet personeli.<\/p>\n<p>Ayr\u0131ca, ki\u015fisel verileriniz i\u015ftirakler, ba\u011fl\u0131 ortakl\u0131klar dahil olmak \u00fczere veya kurumsal yeniden yap\u0131land\u0131rma veya uygulama ile ba\u011flant\u0131l\u0131 olarak fiili ve potansiyel devralanlar\u0131m\u0131za, devralanlar\u0131m\u0131za veya devralanlar\u0131m\u0131za if\u015fa edilebilir veya aktar\u0131labilir.<\/p>\n<p>Ki\u015fisel verilerinizin toplanmas\u0131, kullan\u0131lmas\u0131 ve if\u015fa edilmesinde yer alan \u00fc\u00e7\u00fcnc\u00fc taraflar\u0131n bu Gizlilik Bildiriminin \u015fartlar\u0131na uymas\u0131n\u0131 sa\u011flamak i\u00e7in gerekli ad\u0131mlar\u0131 at\u0131yoruz.<\/p>\n<p><b>8. Ki\u015fisel Verilerinizin Saklanmas\u0131<\/b><\/p>\n<p>Ki\u015fisel verilerinizi yukar\u0131da belirtilen ama\u00e7lar i\u00e7in gerekli oldu\u011fu s\u00fcrece saklayaca\u011f\u0131z. Bu s\u00fcrenin sonunda, ki\u015fisel verilerinizi g\u00fcvenli bir \u015fekilde imha etmek veya kal\u0131c\u0131 olarak silmek i\u00e7in gerekli ad\u0131mlar\u0131 ataca\u011f\u0131z. Aktif olmayan veriler, imha program\u0131m\u0131za g\u00f6re 24 ayl\u0131k bir s\u00fcrenin ard\u0131ndan imha edilecektir.<\/p>\n<p>Ki\u015fisel verilerinizi korumak i\u00e7in g\u00fcvenlik \u00f6nlemleri alsak da, bir veri ihlalinin meydana gelmeyece\u011fini garanti edemeyiz. Hesap bilgilerinizi ve ki\u015fisel verilerinizi daha fazla korumak i\u00e7in 2 Fakt\u00f6rl\u00fc Kimlik Do\u011frulama kullanmak gibi ek g\u00fcvenlik \u00f6nlemleri alman\u0131z \u00f6nerilir. Verilerinizin tehlikeye girdi\u011finden \u015f\u00fcpheleniyorsan\u0131z, l\u00fctfen derhal destek ekibimizle ileti\u015fime ge\u00e7in.<\/p>\n<p><b>9. \u00dc\u00e7\u00fcnc\u00fc Taraf Web Sitelerine Ba\u011flant\u0131lar<\/b><\/p>\n<p>Web sitemizde veya uygulamalar\u0131m\u0131zda \u00fc\u00e7\u00fcnc\u00fc taraf web sitelerine ba\u011flant\u0131lar sa\u011flayabiliriz. Kontrol\u00fcm\u00fcz d\u0131\u015f\u0131nda olduklar\u0131 i\u00e7in bu Gizlilik Bildiriminin s\u00f6z konusu \u00fc\u00e7\u00fcnc\u00fc taraf siteleri i\u00e7in ge\u00e7erli olmad\u0131\u011f\u0131n\u0131 l\u00fctfen unutmay\u0131n. \u00dc\u00e7\u00fcnc\u00fc taraf sitelerine herhangi bir ki\u015fisel bilgi g\u00f6ndermeden \u00f6nce, gizlilik uygulamalar\u0131 konusunda rahat oldu\u011funuzdan emin olmak i\u00e7in l\u00fctfen gizlilik bildirimlerini inceleyin. \u00dc\u00e7\u00fcnc\u00fc taraf sitelerin yeterli gizlilik \u00f6nlemlerine sahip olmas\u0131n\u0131 sa\u011flamaya \u00e7al\u0131\u015f\u0131yoruz, ancak bu sitelerin faaliyetlerinden veya gizlilik uyumlulu\u011fundan sorumlu de\u011filiz.<\/p>\n<p><b>10. Ek Bilgi veya Yard\u0131m<\/b><\/p>\n<p>L\u00fctfen bu Gizlilik Politikas\u0131n\u0131n y\u00fcr\u00fcrl\u00fckteki yasa ve y\u00f6netmeliklere uygun olarak de\u011fi\u015ftirilebilece\u011fini unutmay\u0131n. Herhangi bir de\u011fi\u015fiklik sizin i\u00e7in ge\u00e7erli olacakt\u0131r.<\/p>\n<p>Herhangi bir sorunuz, \u015fikayetiniz varsa veya yukar\u0131da belirtildi\u011fi gibi ki\u015fisel verilerinize eri\u015fmek, bunlar\u0131 g\u00fcncellemek veya de\u011fi\u015ftirmek istiyorsan\u0131z, l\u00fctfen contact@yetiouro.io adresinden bizimle ileti\u015fime ge\u00e7in.<\/p>\t\t\t\t\t\t\t\t<\/div>\n\t\t\t\t<\/div>\n\t\t\t\t\t<\/div>\n\t\t\t\t<\/div>\n\t\t\t\t<\/div>","protected":false},"excerpt":{"rendered":"<p>Privacy Policy for Yeti Ouro Welcome to Yeti Ouro! This Privacy Policy is an integral part of our Terms and Conditions. The definitions used in this Privacy Policy have the same meanings as in the Terms, unless otherwise specified. Our Privacy Policy outlines how Yeti Ouro and Yeti Ouro Operators collect, use, process, disclose, share, [&hellip;]<\/p>","protected":false},"author":6,"featured_media":0,"parent":0,"menu_order":0,"comment_status":"closed","ping_status":"closed","template":"","meta":{"_monsterinsights_skip_tracking":false,"_monsterinsights_sitenote_active":false,"_monsterinsights_sitenote_note":"","_monsterinsights_sitenote_category":0,"footnotes":""},"class_list":["post-27","page","type-page","status-publish","hentry"],"_links":{"self":[{"href":"https:\/\/yetiouro.io\/tr\/wp-json\/wp\/v2\/pages\/27","targetHints":{"allow":["GET"]}}],"collection":[{"href":"https:\/\/yetiouro.io\/tr\/wp-json\/wp\/v2\/pages"}],"about":[{"href":"https:\/\/yetiouro.io\/tr\/wp-json\/wp\/v2\/types\/page"}],"author":[{"embeddable":true,"href":"https:\/\/yetiouro.io\/tr\/wp-json\/wp\/v2\/users\/6"}],"replies":[{"embeddable":true,"href":"https:\/\/yetiouro.io\/tr\/wp-json\/wp\/v2\/comments?post=27"}],"version-history":[{"count":0,"href":"https:\/\/yetiouro.io\/tr\/wp-json\/wp\/v2\/pages\/27\/revisions"}],"wp:attachment":[{"href":"https:\/\/yetiouro.io\/tr\/wp-json\/wp\/v2\/media?parent=27"}],"curies":[{"name":"wp","href":"https:\/\/api.w.org\/{rel}","templated":true}]}}