{"id":27,"date":"2024-07-05T14:57:23","date_gmt":"2024-07-05T13:57:23","guid":{"rendered":"https:\/\/yetiouro.io\/?page_id=27"},"modified":"2024-07-24T11:14:21","modified_gmt":"2024-07-24T10:14:21","slug":"privacy-policy","status":"publish","type":"page","link":"https:\/\/yetiouro.io\/nb\/privacy-policy\/","title":{"rendered":"Retningslinjer for personvern"},"content":{"rendered":"<div data-elementor-type=\"wp-page\" data-elementor-id=\"27\" class=\"elementor elementor-27\" data-elementor-post-type=\"page\">\n\t\t\t\t<div class=\"elementor-element elementor-element-f4f219c e-flex e-con-boxed e-con e-parent\" data-id=\"f4f219c\" data-element_type=\"container\" data-settings=\"{&quot;background_background&quot;:&quot;classic&quot;}\">\n\t\t\t\t\t<div class=\"e-con-inner\">\n\t\t\r\n\t\t<div class=\"elementor-element elementor-element-b4103b2 elementor-widget elementor-widget-text-editor\" data-id=\"b4103b2\" data-element_type=\"widget\" data-widget_type=\"text-editor.default\">\n\t\t\t\t<div class=\"elementor-widget-container\">\n\t\t\t\t\t\t\t\t\t<p><b>Retningslinjer for personvern for Yeti Ouro<\/b><\/p>\n<p>Velkommen til Yeti Ouro! Denne personvernerkl\u00e6ringen er en integrert del av v\u00e5re vilk\u00e5r og betingelser. Definisjonene som brukes i denne personvernerkl\u00e6ringen har samme betydning som i vilk\u00e5rene, med mindre annet er spesifisert.<\/p>\n<p>V\u00e5r personvernerkl\u00e6ring beskriver hvordan Yeti Ouro og Yeti Ouro-operat\u00f8rene samler inn, bruker, behandler, utleverer, deler, overf\u00f8rer og beskytter personopplysninger som innhentes gjennom Yeti Ouro og dets partnere. N\u00e5r vi ber om personopplysninger, er det enten fordi det er lovp\u00e5lagt eller fordi det er relevant for v\u00e5re spesifiserte form\u00e5l. For detaljert informasjon om bruk av informasjonskapsler, se v\u00e5re egne retningslinjer for informasjonskapsler.<\/p>\n<p>Vennligst ta deg tid til \u00e5 lese denne personvernerkl\u00e6ringen n\u00f8ye. Ved \u00e5 bes\u00f8ke Yetiuro-nettstedet, uansett om du registrerer deg eller logger inn, erkjenner, forst\u00e5r og samtykker du til vilk\u00e5rene som er beskrevet i denne personvernerkl\u00e6ringen. Vi vil ikke bruke personopplysningene dine til form\u00e5l som ikke dekkes av denne personvernerkl\u00e6ringen, retningslinjene for informasjonskapsler eller vilk\u00e5rene uten \u00e5 varsle deg p\u00e5 forh\u00e5nd og innhente ditt samtykke.<\/p>\n<p>Ettersom vi driver virksomhet innenfor Det europeiske \u00f8konomiske samarbeidsomr\u00e5det (E\u00d8S), inneholder denne personvernerkl\u00e6ringen elementer fra den generelle personvernforordningen (GDPR). Vi overholder GDPRs regler om behandling av personopplysninger. N\u00e5r det gjelder dataoverf\u00f8ring til tredjeland, bruker vi standard kontraktsklausuler, baserer oss p\u00e5 EU-kommisjonens beslutninger om tilstrekkelig beskyttelsesniv\u00e5 og innhenter ditt samtykke i henhold til gjeldende lover.<\/p>\n<p><b>1. Typer data vi samler inn<\/b><\/p>\n<p>Hvilke typer personopplysninger vi samler inn, enten direkte fra deg eller fra tredjeparter, avhenger av omstendighetene rundt innsamlingen og tjenestens eller transaksjonens art. Opplysningene kan omfatte, men er ikke begrenset til:<\/p>\n<p>- Personopplysninger som identifiserer en enkeltperson, for eksempel navn, f\u00f8dselsdato og identifikasjonsnummer.<br>- Kontaktinformasjon, inkludert adresse, telefonnummer, e-postadresse og Ethereum-lommebokadresse.<br>- Teknisk informasjon, for eksempel IP-adresse for API-tjenester og p\u00e5logginger.<br>- Statistiske data, for eksempel bes\u00f8k p\u00e5 nettstedet.<\/p>\n<p><b>2. Hvordan samler vi inn personopplysninger?<\/b><\/p>\n<p>Denne personvernerkl\u00e6ringen omfatter innsamling av personopplysninger p\u00e5 f\u00f8lgende m\u00e5ter:<\/p>\n<p>- N\u00e5r du samhandler med produktene og tjenestene v\u00e5re.<br>- N\u00e5r du oppretter en konto hos oss.<br>- I henhold til enhver annen kontraktsmessig avtale eller ordning.<\/p>\n<p>Noen ytterligere metoder for innsamling av personopplysninger kan omfatte, men er ikke begrenset til:<\/p>\n<p>- Kommunikasjon via telefon, brev, faks og e-post.<br>- Bes\u00f8k p\u00e5 nettstedet.<br>- Personlig interaksjon.<br>- Informasjon innhentet fra tredjeparter, inkludert sosiale medier og v\u00e5r brukerst\u00f8tte.<br>- Potensiell ekstrapolering av informasjon gjennom databehandling.<\/p>\n<p><span style=\"font-family: var( --e-global-typography-text-font-family ), Sans-serif; text-align: var(--text-align);\"><b>3. Hvilke andre data samler vi inn?<\/b><\/span><\/p>\n<p>Vi samler inn personopplysningene dine fra nettstedet og tjenestene v\u00e5re p\u00e5 f\u00f8lgende m\u00e5ter:<\/p>\n<p>- IP-adresse: Vi bruker IP-adressen din til \u00e5 diagnostisere serverproblemer og administrere nettstedet v\u00e5rt. IP-adresser er ikke knyttet til personlig identifiserbar informasjon.<br>- Informasjonskapsler: Vi bruker informasjonskapsler p\u00e5 enkelte sider for \u00e5 lagre preferanser og registrere \u00f8ktinformasjon, noe som sikrer en mer personlig brukeropplevelse. Se v\u00e5re retningslinjer for informasjonskapsler for detaljert informasjon om hvordan vi bruker informasjonskapsler. Informasjonen som samles inn fra informasjonskapsler, hjelper oss med \u00e5 evaluere effektiviteten til nettstedet v\u00e5rt, analysere trender og administrere plattformen. Det gj\u00f8r det mulig for oss \u00e5 forbedre brukeropplevelsen ved \u00e5 gjenkjenne \u00f8nskede funksjoner, l\u00f8se tilgangsproblemer og gi en mer personlig tilpasset opplevelse. Informasjonskapsler kan ogs\u00e5 brukes av tredjeparts tjenesteleverand\u00f8rer. Hvis du fortsetter \u00e5 bruke nettstedet, samtykker du i at informasjonskapsler lagres p\u00e5 enheten din. Det er viktig \u00e5 beskytte passordet ditt og datamaskinen din for \u00e5 hindre uautorisert tilgang.<br>- Tilbakemeldingsskjema for brukere: Tilbakemeldingsskjemaet v\u00e5rt samler inn kontaktinformasjon (f.eks. navn og e-postadresse) for \u00e5 svare p\u00e5 kommentarer og gi relevant informasjon om selskapet v\u00e5rt.<br>- Sporing av nettstedet: Vi bruker tredjeparts tjenesteleverand\u00f8rer for \u00e5 hjelpe oss med \u00e5 forst\u00e5 bruken av nettstedet. Disse tjenesteleverand\u00f8rene plasserer informasjonskapsler p\u00e5 datamaskinens harddisk og mottar utvalgt informasjon, for eksempel navigasjonsm\u00f8nstre, surfing p\u00e5 sider og generelle transaksjonsdata. De gir oss samlede rapporter for analyse, noe som hjelper oss med \u00e5 forst\u00e5 de bes\u00f8kendes interesser og forbedre tjenestene v\u00e5re. Informasjonen som samles inn av tjenesteleverand\u00f8ren(e) v\u00e5r(e), kan kombineres med data vi samler inn mens du bruker plattformen. V\u00e5re tjenesteleverand\u00f8rer er kontraktsmessig forpliktet til \u00e5 bruke denne informasjonen utelukkende for \u00e5 hjelpe oss.<\/p>\n<p><b>4. Hva bruker vi personopplysningene dine til?<\/b><\/p>\n<p>Vi bruker personopplysningene dine til f\u00f8lgende form\u00e5l:<\/p>\n<p>- Tilby og utf\u00f8re v\u00e5re tjenester til deg.<br>- S\u00f8rge for din egen og andre kunders sikkerhet og velv\u00e6re.<br>- Unders\u00f8ke og svare p\u00e5 dine krav og henvendelser.<br>- Gjennomf\u00f8re forretningsutviklingsaktiviteter som statistikk- og markedsf\u00f8ringsanalyser, systemtesting, vedlikehold og utvikling samt kundeunders\u00f8kelser.<br>- Overholdelse av juridiske og regulatoriske krav.<br>- Foreta andre form\u00e5l som er relatert til de ovennevnte form\u00e5lene.<\/p>\n<p>I tillegg til kjerneform\u00e5lene kan vi ogs\u00e5 bruke opplysningene dine til f\u00f8lgende sekund\u00e6re form\u00e5l:<\/p>\n<p>- Kommunikasjon av tilbud, produkter, tjenester og informasjon om produkter og aktiviteter.<br>- Markedsf\u00f8ring og kryssmarkedsf\u00f8ring, og kommunikasjon knyttet til produkter og tjenester som tilbys av oss, v\u00e5re servicepartnere og utnevnte agenter.<br>- Eventuelle andre selskapsrelaterte form\u00e5l knyttet til de ovennevnte form\u00e5lene.<\/p>\n<p><b>5. F\u00e5 tilgang til\/korrigere\/oppdatere personopplysningene dine<\/b><\/p>\n<p>Avhengig av hvilket land du bor i og lovgivningen der, kan du ha rett til \u00e5 be om en kopi av personopplysningene dine, slette personopplysningene dine, gj\u00f8re endringer i dem eller begrense behandlingen av dem. Vi vil svare p\u00e5 dine foresp\u00f8rsler s\u00e5 snart som mulig, men det kan hende vi m\u00e5 verifisere ektheten av foresp\u00f8rselen.<\/p>\n<p>I bestemte situasjoner kan vi be om ytterligere personopplysninger, for eksempel KYC-dokumenter, for \u00e5 overholde juridiske og regulatoriske krav eller i tilfelle en tvist mellom deg og oss.<\/p>\n<p>Du har f\u00f8lgende rettigheter:<\/p>\n<p>- Rett til innsyn: Du kan f\u00e5 tilgang til eller f\u00e5 kopier av personopplysningene dine.<br>- Rett til retting: Du kan korrigere un\u00f8yaktige personopplysninger og komplettere ufullstendige opplysninger.<br>- Rett til sletting: Du kan be om sletting av personopplysningene dine under visse omstendigheter.<br>- Rett til begrensning av behandling: Du kan be om at behandlingen av personopplysningene dine begrenses under visse omstendigheter.<br>- Rett til \u00e5 protestere: Du kan protestere mot behandlingen av personopplysningene dine under visse omstendigheter.<br>- Rett til dataportabilitet: Du kan be om overf\u00f8ring av personopplysningene dine til et annet organ eller direkte til deg under visse omstendigheter.<\/p>\n<p><b>6. Tilbaketrekking av samtykke<\/b><\/p>\n<p>Behandling av personopplysningene dine for kjerneform\u00e5lene er n\u00f8dvendig for at vi skal kunne levere tjenestene v\u00e5re. Hvis du ikke samtykker til behandling av personopplysningene dine for sekund\u00e6re form\u00e5l, kan det hende at du ikke mottar oppdateringer om v\u00e5re tjenester og produkter.<\/p>\n<p>Du kan slutte \u00e5 motta salgsfremmende aktiviteter ved \u00e5 melde deg av adresselister, redigere kontoinnstillingene dine eller sende en foresp\u00f8rsel via contact@yetiouro.io.<\/p>\n<p><b>7. Utlevering av personopplysningene dine<\/b><\/p>\n<p>Vi verken handler med eller selger personopplysningene dine til tredjeparter. Vi kan utlevere eller overf\u00f8re personopplysningene dine til f\u00f8lgende tredjeparter for de form\u00e5lene som er angitt ovenfor:<\/p>\n<p>- Datavarehus.<br>- Leverand\u00f8rer av IT-tjenester.<br>- Dataanalyse og\/eller markedsf\u00f8ringsbyr\u00e5er.<br>- Juridiske organer i henhold til hva som er tillatt eller p\u00e5krevd ved lov.<br>- Tilsynsmyndigheter som gjelder for deg.<br>- Sikkerhets- og sikringspersonell.<\/p>\n<p>I tillegg kan personopplysningene dine bli utlevert eller overf\u00f8rt til v\u00e5re faktiske og potensielle overtakere, overdragere eller oppkj\u00f8pere, inkludert tilknyttede selskaper, datterselskaper eller i forbindelse med omstrukturering eller ut\u00f8velse av virksomheten.<\/p>\n<p>Vi iverksetter tiltak for \u00e5 sikre at tredjeparter som er involvert i innsamling, bruk og utlevering av personopplysningene dine, overholder vilk\u00e5rene i denne personvernerkl\u00e6ringen.<\/p>\n<p><b>8. Oppbevaring av personopplysningene dine<\/b><\/p>\n<p>Vi vil oppbevare personopplysningene dine s\u00e5 lenge det er n\u00f8dvendig for de form\u00e5lene som er angitt ovenfor. Etter denne perioden vil vi iverksette tiltak for \u00e5 destruere eller slette personopplysningene dine p\u00e5 en sikker m\u00e5te. Inaktive opplysninger vil bli avhendet etter 24 m\u00e5neder i henhold til v\u00e5r avhendingsplan.<\/p>\n<p>Selv om vi iverksetter sikkerhetstiltak for \u00e5 beskytte personopplysningene dine, kan vi ikke garantere at det ikke vil forekomme datainnbrudd. Vi anbefaler at du iverksetter ytterligere sikkerhetstiltak, for eksempel ved \u00e5 bruke 2-faktorautentisering, for \u00e5 beskytte kontoinformasjonen og personopplysningene dine ytterligere. Hvis du mistenker at dataene dine er blitt kompromittert, ber vi deg kontakte kundest\u00f8tteteamet v\u00e5rt umiddelbart.<\/p>\n<p><b>9. Lenker til tredjeparts nettsteder<\/b><\/p>\n<p>Vi kan tilby lenker til tredjeparts nettsteder p\u00e5 nettstedet eller i applikasjonene v\u00e5re. V\u00e6r oppmerksom p\u00e5 at denne personvernerkl\u00e6ringen ikke gjelder for disse tredjepartsnettstedene, ettersom de er utenfor v\u00e5r kontroll. F\u00f8r du oppgir personopplysninger p\u00e5 tredjepartsnettsteder, b\u00f8r du lese gjennom personvernerkl\u00e6ringene deres for \u00e5 forsikre deg om at du er komfortabel med deres personvernpraksis. Vi bestreber oss p\u00e5 \u00e5 sikre at tredjepartsnettsteder har tilstrekkelige personverntiltak, men vi er ikke ansvarlige for deres aktiviteter eller overholdelse av personvernet.<\/p>\n<p><b>10. Ytterligere informasjon eller assistanse<\/b><\/p>\n<p>V\u00e6r oppmerksom p\u00e5 at denne personvernerkl\u00e6ringen kan bli endret i samsvar med gjeldende lover og forskrifter. Eventuelle endringer vil v\u00e6re gjeldende for deg.<\/p>\n<p>Hvis du har sp\u00f8rsm\u00e5l, klager eller \u00f8nsker \u00e5 f\u00e5 tilgang til, oppdatere eller endre personopplysningene dine som nevnt ovenfor, kan du kontakte oss p\u00e5 contact@yetiouro.io.<\/p>\t\t\t\t\t\t\t\t<\/div>\n\t\t\t\t<\/div>\n\t\t\t\t\t<\/div>\n\t\t\t\t<\/div>\n\t\t\t\t<\/div>","protected":false},"excerpt":{"rendered":"<p>Privacy Policy for Yeti Ouro Welcome to Yeti Ouro! This Privacy Policy is an integral part of our Terms and Conditions. The definitions used in this Privacy Policy have the same meanings as in the Terms, unless otherwise specified. Our Privacy Policy outlines how Yeti Ouro and Yeti Ouro Operators collect, use, process, disclose, share, [&hellip;]<\/p>","protected":false},"author":6,"featured_media":0,"parent":0,"menu_order":0,"comment_status":"closed","ping_status":"closed","template":"","meta":{"_monsterinsights_skip_tracking":false,"_monsterinsights_sitenote_active":false,"_monsterinsights_sitenote_note":"","_monsterinsights_sitenote_category":0,"footnotes":""},"class_list":["post-27","page","type-page","status-publish","hentry"],"_links":{"self":[{"href":"https:\/\/yetiouro.io\/nb\/wp-json\/wp\/v2\/pages\/27","targetHints":{"allow":["GET"]}}],"collection":[{"href":"https:\/\/yetiouro.io\/nb\/wp-json\/wp\/v2\/pages"}],"about":[{"href":"https:\/\/yetiouro.io\/nb\/wp-json\/wp\/v2\/types\/page"}],"author":[{"embeddable":true,"href":"https:\/\/yetiouro.io\/nb\/wp-json\/wp\/v2\/users\/6"}],"replies":[{"embeddable":true,"href":"https:\/\/yetiouro.io\/nb\/wp-json\/wp\/v2\/comments?post=27"}],"version-history":[{"count":0,"href":"https:\/\/yetiouro.io\/nb\/wp-json\/wp\/v2\/pages\/27\/revisions"}],"wp:attachment":[{"href":"https:\/\/yetiouro.io\/nb\/wp-json\/wp\/v2\/media?parent=27"}],"curies":[{"name":"wp","href":"https:\/\/api.w.org\/{rel}","templated":true}]}}