{"id":4866,"date":"2025-05-22T13:38:36","date_gmt":"2025-05-22T12:38:36","guid":{"rendered":"https:\/\/yetiouro.io\/?page_id=4866"},"modified":"2025-05-22T14:25:37","modified_gmt":"2025-05-22T13:25:37","slug":"about","status":"publish","type":"page","link":"https:\/\/yetiouro.io\/it\/about\/","title":{"rendered":"CIRCA"},"content":{"rendered":"<div data-elementor-type=\"wp-page\" data-elementor-id=\"4866\" class=\"elementor elementor-4866\" data-elementor-post-type=\"page\">\n\t\t\t\t<div class=\"elementor-element elementor-element-b0d35ba e-flex e-con-boxed e-con e-parent\" data-id=\"b0d35ba\" data-element_type=\"container\">\n\t\t\t\t\t<div class=\"e-con-inner\">\n\t\t\t\t\t<\/div>\n\t\t\t\t<\/div>\n\t\t<div class=\"elementor-element elementor-element-2a5e483 e-flex e-con-boxed e-con e-parent\" data-id=\"2a5e483\" data-element_type=\"container\">\n\t\t\t\t\t<div class=\"e-con-inner\">\n\t\t\t\t<div class=\"elementor-element elementor-element-e63f900 elementor-widget elementor-widget-html\" data-id=\"e63f900\" data-element_type=\"widget\" data-widget_type=\"html.default\">\n\t\t\t\t<div class=\"elementor-widget-container\">\n\t\t\t\t\t<title>Yeti ouro - About Us<\/title>\t\t\t\t<\/div>\n\t\t\t\t<\/div>\n\t\t\t\t\t<\/div>\n\t\t\t\t<\/div>\n\t\t<div class=\"elementor-element elementor-element-3271d34 e-con-full e-flex e-con e-parent\" data-id=\"3271d34\" data-element_type=\"container\" data-settings=\"{&quot;background_background&quot;:&quot;classic&quot;}\">\n\t\t<div class=\"elementor-element elementor-element-77ee0bf where_how_buy_section e-flex e-con-boxed e-con e-child\" data-id=\"77ee0bf\" data-element_type=\"container\">\n\t\t\t\t\t<div class=\"e-con-inner\">\n\t\t<div class=\"elementor-element elementor-element-71e4186 e-con-full e-flex e-con e-child\" data-id=\"71e4186\" data-element_type=\"container\">\n\t\t<div class=\"elementor-element elementor-element-0215060 road_data_text e-con-full e-flex e-con e-child\" data-id=\"0215060\" data-element_type=\"container\" data-settings=\"{&quot;background_background&quot;:&quot;gradient&quot;}\">\n\t\t\t\t<div class=\"elementor-element elementor-element-817015e elementor-widget elementor-widget-heading\" data-id=\"817015e\" data-element_type=\"widget\" data-widget_type=\"heading.default\">\n\t\t\t\t<div class=\"elementor-widget-container\">\n\t\t\t\t\t<h2 class=\"elementor-heading-title elementor-size-default\">About yeti ouro<\/h2>\t\t\t\t<\/div>\n\t\t\t\t<\/div>\n\t\t\r\n\t\t<div class=\"elementor-element elementor-element-6795abc elementor-widget elementor-widget-text-editor\" data-id=\"6795abc\" data-element_type=\"widget\" data-widget_type=\"text-editor.default\">\n\t\t\t\t<div class=\"elementor-widget-container\">\n\t\t\t\t\t\t\t\t\t<p style=\"font-weight: 400; padding-bottom: 18px;\">Abbiamo il piacere di presentarvi Yeti-Ouro, un progetto nato dalla nostra passione per le criptovalute e dalla nostra convinzione del potere della comunit\u00e0. Affascinati dal crescente potenziale della tecnologia blockchain di trasformare le vite e creare nuove opportunit\u00e0, come fondatori abbiamo notato che lo spazio delle criptovalute pu\u00f2 spesso essere intimidatorio e complesso, soprattutto per i nuovi arrivati.<\/p>\n\n<h4 style=\"font-weight: 900;\">YetiGo - Il principale gioco di accompagnamento P2E per Yeti Ouro<\/h4>\n<p style=\"font-weight: 400; padding-top: 18px;\">Vi presentiamo YetiGo, un gioco di corse frenetico e ricco di azione con meccaniche Play-to-Earn (P2E), attualmente in fase di sviluppo. Costruito su Unreal Engine 5, YetiGo sfrutta una grafica all'avanguardia e tutta la potenza del motore per offrire un'esperienza di corsa senza pari. Preparatevi a gare intense, in stile eliminazione, in cui competerete testa a testa contro altri giocatori, guadagnando ricompense durante il gioco.<\/p>\n<p style=\"font-weight: 400;\">YetiGo \u00e8 pronto a ridefinire le gare multigiocatore con competizioni entusiasmanti e opportunit\u00e0 di P2E che vi faranno tornare per altre gare.<\/p>\t\t\t\t\t\t\t\t<\/div>\n\t\t\t\t<\/div>\n\t\t<div class=\"elementor-element elementor-element-e07ae20 e-grid e-con-full e-con e-child\" data-id=\"e07ae20\" data-element_type=\"container\">\n\t\t\t\t<div class=\"elementor-element elementor-element-b467826 elementor-widget elementor-widget-video\" data-id=\"b467826\" data-element_type=\"widget\" data-settings=\"{&quot;youtube_url&quot;:&quot;https:\\\/\\\/youtu.be\\\/a3t8N3uWHCw?si=y5XtNgzAPwzgIHDk&quot;,&quot;video_type&quot;:&quot;youtube&quot;,&quot;controls&quot;:&quot;yes&quot;}\" data-widget_type=\"video.default\">\n\t\t\t\t<div class=\"elementor-widget-container\">\n\t\t\t\t\t\t\t<div class=\"elementor-wrapper elementor-open-inline\">\n\t\t\t<div class=\"elementor-video\"><\/div>\t\t<\/div>\n\t\t\t\t\t\t<\/div>\n\t\t\t\t<\/div>\n\t\t\t\t<div class=\"elementor-element elementor-element-f7914f4 elementor-widget elementor-widget-video\" data-id=\"f7914f4\" data-element_type=\"widget\" data-settings=\"{&quot;video_type&quot;:&quot;hosted&quot;,&quot;controls&quot;:&quot;yes&quot;}\" data-widget_type=\"video.default\">\n\t\t\t\t<div class=\"elementor-widget-container\">\n\t\t\t\t\t\t\t<div class=\"e-hosted-video elementor-wrapper elementor-open-inline\">\n\t\t\t\t\t<video class=\"elementor-video\" src=\"https:\/\/yetiouro.io\/wp-content\/uploads\/2025\/02\/Yetigo.mp4\" controls=\"\" preload=\"auto\" controlslist=\"nodownload\" poster=\"https:\/\/yetiouro.io\/wp-content\/uploads\/2025\/02\/yeti_1.png\"><\/video>\n\t\t\t\t<\/div>\n\t\t\t\t\t\t<\/div>\n\t\t\t\t<\/div>\n\t\t\t\t<\/div>\n\t\t\t\t<\/div>\n\t\t\t\t<\/div>\n\t\t\t\t\t<\/div>\n\t\t\t\t<\/div>\n\t\t\t\t<\/div>\n\t\t<div class=\"elementor-element elementor-element-fb3dd35 e-con-full e-flex e-con e-parent\" data-id=\"fb3dd35\" data-element_type=\"container\" data-settings=\"{&quot;background_background&quot;:&quot;classic&quot;}\">\n\t\t\t\t<div class=\"elementor-element elementor-element-826379b elementor-widget elementor-widget-heading\" data-id=\"826379b\" data-element_type=\"widget\" data-widget_type=\"heading.default\">\n\t\t\t\t<div class=\"elementor-widget-container\">\n\t\t\t\t\t<h2 class=\"elementor-heading-title elementor-size-default\">presente in<\/h2>\t\t\t\t<\/div>\n\t\t\t\t<\/div>\n\t\t\t\t<\/div>\n\t\t<div class=\"elementor-element elementor-element-32b6577 e-con-full e-flex e-con e-parent\" data-id=\"32b6577\" data-element_type=\"container\">\n\t\t\t\t<div class=\"elementor-element elementor-element-9589055 elementor-arrows-position-inside elementor-widget elementor-widget-image-carousel\" data-id=\"9589055\" data-element_type=\"widget\" data-settings=\"{&quot;slides_to_show&quot;:&quot;5&quot;,&quot;slides_to_scroll&quot;:&quot;2&quot;,&quot;navigation&quot;:&quot;arrows&quot;,&quot;image_spacing_custom&quot;:{&quot;unit&quot;:&quot;px&quot;,&quot;size&quot;:19,&quot;sizes&quot;:[]},&quot;autoplay_speed&quot;:0,&quot;speed&quot;:30000,&quot;autoplay&quot;:&quot;yes&quot;,&quot;infinite&quot;:&quot;yes&quot;,&quot;image_spacing_custom_tablet&quot;:{&quot;unit&quot;:&quot;px&quot;,&quot;size&quot;:&quot;&quot;,&quot;sizes&quot;:[]},&quot;image_spacing_custom_mobile&quot;:{&quot;unit&quot;:&quot;px&quot;,&quot;size&quot;:&quot;&quot;,&quot;sizes&quot;:[]}}\" data-widget_type=\"image-carousel.default\">\n\t\t\t\t<div class=\"elementor-widget-container\">\n\t\t\t\t\t\t\t<div class=\"elementor-image-carousel-wrapper swiper\" role=\"region\" aria-roledescription=\"carousel\" aria-label=\"Carosello di immagini\" dir=\"ltr\">\n\t\t\t<div class=\"elementor-image-carousel swiper-wrapper\" aria-live=\"off\">\n\t\t\t\t\t\t\t\t<div class=\"swiper-slide\" role=\"group\" aria-roledescription=\"slide\" aria-label=\"1 di 15\" data-no-translation-aria-label=\"\"><figure class=\"swiper-slide-inner\"><img decoding=\"async\" class=\"swiper-slide-image\" src=\"https:\/\/yetiouro.io\/wp-content\/uploads\/2024\/12\/featured-by-01.png\" alt=\"featured-by-01\" \/><\/figure><\/div><div class=\"swiper-slide\" role=\"group\" aria-roledescription=\"slide\" aria-label=\"2 di 15\" data-no-translation-aria-label=\"\"><figure class=\"swiper-slide-inner\"><img decoding=\"async\" class=\"swiper-slide-image\" src=\"https:\/\/yetiouro.io\/wp-content\/uploads\/2024\/12\/featured-by-02.png\" alt=\"featured-by-02\" \/><\/figure><\/div><div class=\"swiper-slide\" role=\"group\" aria-roledescription=\"slide\" aria-label=\"3 di 15\" data-no-translation-aria-label=\"\"><figure class=\"swiper-slide-inner\"><img decoding=\"async\" class=\"swiper-slide-image\" src=\"https:\/\/yetiouro.io\/wp-content\/uploads\/2024\/12\/featured-by-03.png\" alt=\"featured-by-03\" \/><\/figure><\/div><div class=\"swiper-slide\" role=\"group\" aria-roledescription=\"slide\" aria-label=\"4 di 15\" data-no-translation-aria-label=\"\"><figure class=\"swiper-slide-inner\"><img decoding=\"async\" class=\"swiper-slide-image\" src=\"https:\/\/yetiouro.io\/wp-content\/uploads\/2024\/12\/featured-by-04.png\" alt=\"featured-by-04\" \/><\/figure><\/div><div class=\"swiper-slide\" role=\"group\" aria-roledescription=\"slide\" aria-label=\"5 di 15\" data-no-translation-aria-label=\"\"><figure class=\"swiper-slide-inner\"><img decoding=\"async\" class=\"swiper-slide-image\" src=\"https:\/\/yetiouro.io\/wp-content\/uploads\/2024\/12\/featured-by-05.png\" alt=\"featured-by-05\" \/><\/figure><\/div><div class=\"swiper-slide\" role=\"group\" aria-roledescription=\"slide\" aria-label=\"6 di 15\" data-no-translation-aria-label=\"\"><figure class=\"swiper-slide-inner\"><img decoding=\"async\" class=\"swiper-slide-image\" src=\"https:\/\/yetiouro.io\/wp-content\/uploads\/2024\/12\/featured-by-06.png\" alt=\"featured-by-06\" \/><\/figure><\/div><div class=\"swiper-slide\" role=\"group\" aria-roledescription=\"slide\" aria-label=\"7 di 15\" data-no-translation-aria-label=\"\"><figure class=\"swiper-slide-inner\"><img decoding=\"async\" class=\"swiper-slide-image\" src=\"https:\/\/yetiouro.io\/wp-content\/uploads\/2024\/12\/featured-by-08.png\" alt=\"featured-by-08\" \/><\/figure><\/div><div class=\"swiper-slide\" role=\"group\" aria-roledescription=\"slide\" aria-label=\"8 di 15\" data-no-translation-aria-label=\"\"><figure class=\"swiper-slide-inner\"><img decoding=\"async\" class=\"swiper-slide-image\" src=\"https:\/\/yetiouro.io\/wp-content\/uploads\/2024\/12\/featured-by-09.png\" alt=\"featured-by-09\" \/><\/figure><\/div><div class=\"swiper-slide\" role=\"group\" aria-roledescription=\"slide\" aria-label=\"9 di 15\" data-no-translation-aria-label=\"\"><figure class=\"swiper-slide-inner\"><img decoding=\"async\" class=\"swiper-slide-image\" src=\"https:\/\/yetiouro.io\/wp-content\/uploads\/2024\/12\/featured-by-10.png\" alt=\"featured-by-10\" \/><\/figure><\/div><div class=\"swiper-slide\" role=\"group\" aria-roledescription=\"slide\" aria-label=\"10 di 15\" data-no-translation-aria-label=\"\"><figure class=\"swiper-slide-inner\"><img decoding=\"async\" class=\"swiper-slide-image\" src=\"https:\/\/yetiouro.io\/wp-content\/uploads\/2024\/12\/featured-by-07-1.png\" alt=\"featured-by-07\" \/><\/figure><\/div><div class=\"swiper-slide\" role=\"group\" aria-roledescription=\"slide\" aria-label=\"11 di 15\" data-no-translation-aria-label=\"\"><figure class=\"swiper-slide-inner\"><img decoding=\"async\" class=\"swiper-slide-image\" src=\"https:\/\/yetiouro.io\/wp-content\/uploads\/2024\/12\/featured-by-11-11.png\" alt=\"featured-by-11-11\" \/><\/figure><\/div><div class=\"swiper-slide\" role=\"group\" aria-roledescription=\"slide\" aria-label=\"12 di 15\" data-no-translation-aria-label=\"\"><figure class=\"swiper-slide-inner\"><img decoding=\"async\" class=\"swiper-slide-image\" src=\"https:\/\/yetiouro.io\/wp-content\/uploads\/2025\/04\/Frame-7-1.png\" alt=\"Frame 7 (1)\" \/><\/figure><\/div><div class=\"swiper-slide\" role=\"group\" aria-roledescription=\"slide\" aria-label=\"13 di 15\" data-no-translation-aria-label=\"\"><figure class=\"swiper-slide-inner\"><img decoding=\"async\" class=\"swiper-slide-image\" src=\"https:\/\/yetiouro.io\/wp-content\/uploads\/2025\/04\/Frame-6-1.png\" alt=\"Frame 6 (1)\" \/><\/figure><\/div><div class=\"swiper-slide\" role=\"group\" aria-roledescription=\"slide\" aria-label=\"14 di 15\" data-no-translation-aria-label=\"\"><figure class=\"swiper-slide-inner\"><img decoding=\"async\" class=\"swiper-slide-image\" src=\"https:\/\/yetiouro.io\/wp-content\/uploads\/2025\/04\/Frame-5-1.png\" alt=\"Frame 5 (1)\" \/><\/figure><\/div><div class=\"swiper-slide\" role=\"group\" aria-roledescription=\"slide\" aria-label=\"15 di 15\" data-no-translation-aria-label=\"\"><figure class=\"swiper-slide-inner\"><img decoding=\"async\" class=\"swiper-slide-image\" src=\"https:\/\/yetiouro.io\/wp-content\/uploads\/2025\/04\/Frame-4-1.png\" alt=\"Frame 4 (1)\" \/><\/figure><\/div>\t\t\t<\/div>\n\t\t\t\t\t\t\t\t\t\t\t\t<div class=\"elementor-swiper-button elementor-swiper-button-prev\" role=\"button\" tabindex=\"0\">\n\t\t\t\t\t\t<svg aria-hidden=\"true\" class=\"e-font-icon-svg e-eicon-chevron-left\" viewbox=\"0 0 1000 1000\" xmlns=\"http:\/\/www.w3.org\/2000\/svg\"><path d=\"M646 125C629 125 613 133 604 142L308 442C296 454 292 471 292 487 292 504 296 521 308 533L604 854C617 867 629 875 646 875 663 875 679 871 692 858 704 846 713 829 713 812 713 796 708 779 692 767L438 487 692 225C700 217 708 204 708 187 708 171 704 154 692 142 675 129 663 125 646 125Z\"><\/path><\/svg>\t\t\t\t\t<\/div>\n\t\t\t\t\t<div class=\"elementor-swiper-button elementor-swiper-button-next\" role=\"button\" tabindex=\"0\">\n\t\t\t\t\t\t<svg aria-hidden=\"true\" class=\"e-font-icon-svg e-eicon-chevron-right\" viewbox=\"0 0 1000 1000\" xmlns=\"http:\/\/www.w3.org\/2000\/svg\"><path d=\"M696 533C708 521 713 504 713 487 713 471 708 454 696 446L400 146C388 133 375 125 354 125 338 125 325 129 313 142 300 154 292 171 292 187 292 204 296 221 308 233L563 492 304 771C292 783 288 800 288 817 288 833 296 850 308 863 321 871 338 875 354 875 371 875 388 867 400 854L696 533Z\"><\/path><\/svg>\t\t\t\t\t<\/div>\n\t\t\t\t\n\t\t\t\t\t\t\t\t\t<\/div>\n\t\t\t\t\t\t<\/div>\n\t\t\t\t<\/div>\n\t\t\t\t<div class=\"elementor-element elementor-element-defde0f elementor-widget elementor-widget-html\" data-id=\"defde0f\" data-element_type=\"widget\" data-widget_type=\"html.default\">\n\t\t\t\t<div class=\"elementor-widget-container\">\n\t\t\t\t\t<style>\n    .elementor-element .swiper .elementor-swiper-button svg, .elementor-element .swiper~.elementor-swiper-button svg, .elementor-lightbox .swiper .elementor-swiper-button svg, .elementor-lightbox .swiper~.elementor-swiper-button svg {\n    fill: #fdc504;\n    height: 1em;\n    width: 1em;\n}\n\n.swiper-slide{\n    margin-right: 20px !important;\n}\n\n    .swiper-wrapper{\n  transition-timing-function:linear !important;\n}\n<\/style>\t\t\t\t<\/div>\n\t\t\t\t<\/div>\n\t\t\t\t<\/div>\n\t\t<div class=\"elementor-element elementor-element-2d6d9f8 e-flex e-con-boxed e-con e-parent\" data-id=\"2d6d9f8\" data-element_type=\"container\" data-settings=\"{&quot;background_background&quot;:&quot;classic&quot;}\">\n\t\t\t\t\t<div class=\"e-con-inner\">\n\t\t\t\t<div class=\"elementor-element elementor-element-06f1c10 elementor-widget elementor-widget-html\" data-id=\"06f1c10\" data-element_type=\"widget\" data-widget_type=\"html.default\">\n\t\t\t\t<div class=\"elementor-widget-container\">\n\t\t\t\t\t<style>\n\n.elementor-shape-fill{\n    display: none;\n}\n\n\n.elementor-20 .elementor-element.elementor-element-2d73c7d .elementor-button {\n   pointer-events: none;\n}\n.elementor-20 .elementor-element.elementor-element-700d431 .elementor-button {\n   pointer-events: none;\n}\n\n.elementor-20 .elementor-element.elementor-element-1ed7344 .elementor-button {\n   pointer-events: none;\n}\n\n\n@media only screen and (max-width: 600px) {\n .elementor-20 .elementor-element.elementor-element-246f6f4 img {\n    height: 388px;\n}\n}\n\n.value-btn svg {\n    max-height:900px;\n    width: 40px;\n}\n\n@media screen and (min-width: 1024px) and (min-height: 1320px) {\n   .e-con.e-child.main-class {\n    margin: 0 !important;\n}\n}\n\n\n<\/style>\t\t\t\t<\/div>\n\t\t\t\t<\/div>\n\t\t\t\t\t<\/div>\n\t\t\t\t<\/div>\n\t\t\t\t<\/div>","protected":false},"excerpt":{"rendered":"<p>Yeti ouro &#8211; About Us About yeti ouro It is our pleasure to introduce you to\u00a0Yeti-Ouro, a project born out of our passion for cryptocurrency and our conviction in the power of community. Fascinated by the growing potential of blockchain technology to transform lives and create new opportunities as founders we have noticed that the [&hellip;]<\/p>","protected":false},"author":6,"featured_media":0,"parent":0,"menu_order":0,"comment_status":"closed","ping_status":"closed","template":"","meta":{"_monsterinsights_skip_tracking":false,"_monsterinsights_sitenote_active":false,"_monsterinsights_sitenote_note":"","_monsterinsights_sitenote_category":0,"footnotes":""},"class_list":["post-4866","page","type-page","status-publish","hentry"],"_links":{"self":[{"href":"https:\/\/yetiouro.io\/it\/wp-json\/wp\/v2\/pages\/4866","targetHints":{"allow":["GET"]}}],"collection":[{"href":"https:\/\/yetiouro.io\/it\/wp-json\/wp\/v2\/pages"}],"about":[{"href":"https:\/\/yetiouro.io\/it\/wp-json\/wp\/v2\/types\/page"}],"author":[{"embeddable":true,"href":"https:\/\/yetiouro.io\/it\/wp-json\/wp\/v2\/users\/6"}],"replies":[{"embeddable":true,"href":"https:\/\/yetiouro.io\/it\/wp-json\/wp\/v2\/comments?post=4866"}],"version-history":[{"count":20,"href":"https:\/\/yetiouro.io\/it\/wp-json\/wp\/v2\/pages\/4866\/revisions"}],"predecessor-version":[{"id":4922,"href":"https:\/\/yetiouro.io\/it\/wp-json\/wp\/v2\/pages\/4866\/revisions\/4922"}],"wp:attachment":[{"href":"https:\/\/yetiouro.io\/it\/wp-json\/wp\/v2\/media?parent=4866"}],"curies":[{"name":"wp","href":"https:\/\/api.w.org\/{rel}","templated":true}]}}