{"id":27,"date":"2024-07-05T14:57:23","date_gmt":"2024-07-05T13:57:23","guid":{"rendered":"https:\/\/yetiouro.io\/?page_id=27"},"modified":"2024-07-24T11:14:21","modified_gmt":"2024-07-24T10:14:21","slug":"privacy-policy","status":"publish","type":"page","link":"https:\/\/yetiouro.io\/it\/privacy-policy\/","title":{"rendered":"Norme sulla privacy"},"content":{"rendered":"<div data-elementor-type=\"wp-page\" data-elementor-id=\"27\" class=\"elementor elementor-27\" data-elementor-post-type=\"page\">\n\t\t\t\t<div class=\"elementor-element elementor-element-f4f219c e-flex e-con-boxed e-con e-parent\" data-id=\"f4f219c\" data-element_type=\"container\" data-settings=\"{&quot;background_background&quot;:&quot;classic&quot;}\">\n\t\t\t\t\t<div class=\"e-con-inner\">\n\t\t\r\n\t\t<div class=\"elementor-element elementor-element-b4103b2 elementor-widget elementor-widget-text-editor\" data-id=\"b4103b2\" data-element_type=\"widget\" data-widget_type=\"text-editor.default\">\n\t\t\t\t<div class=\"elementor-widget-container\">\n\t\t\t\t\t\t\t\t\t<p><b>Informativa sulla privacy per Yeti Ouro<\/b><\/p>\n<p>Benvenuti a Yeti Ouro! La presente Informativa sulla privacy \u00e8 parte integrante dei nostri Termini e condizioni. Le definizioni utilizzate nella presente Informativa sulla privacy hanno lo stesso significato di quelle contenute nei Termini, se non diversamente specificato.<\/p>\n<p>La nostra Informativa sulla privacy illustra le modalit\u00e0 con cui Yeti Ouro e gli Operatori Yeti Ouro raccolgono, utilizzano, elaborano, divulgano, condividono, trasferiscono e proteggono le informazioni personali ottenute attraverso Yeti Ouro e i suoi partner. Quando chiediamo informazioni personali, \u00e8 perch\u00e9 sono richieste dalla legge o sono rilevanti per i nostri scopi specifici. Per informazioni dettagliate sull'uso dei cookie, consultare la nostra Politica sui cookie separata.<\/p>\n<p>Si prega di leggere attentamente la presente Informativa sulla privacy. Visitando il sito web di Yeti Ouro, a prescindere dalla registrazione o dall'accesso, l'utente riconosce, comprende e accetta i termini descritti nella presente Informativa sulla privacy. Non utilizzeremo i dati personali dell'utente per scopi non previsti dalla presente Informativa sulla privacy, dall'Informativa sui cookie o dai Termini senza informare preventivamente l'utente e ottenere il suo consenso.<\/p>\n<p>Poich\u00e9 operiamo all'interno dello Spazio economico europeo (SEE), la presente Informativa sulla privacy incorpora elementi del Regolamento generale sulla protezione dei dati (GDPR). Rispettiamo le norme del GDPR sul trattamento dei dati personali. Per i trasferimenti di dati verso paesi terzi, utilizziamo clausole contrattuali standard, ci affidiamo alle decisioni di adeguatezza della Commissione Europea e otteniamo il consenso dell'utente come richiesto dalle leggi vigenti.<\/p>\n<p><b>1. Tipi di dati raccolti<\/b><\/p>\n<p>I tipi di dati personali che raccogliamo, direttamente dall'utente o da terzi, dipendono dalle circostanze della raccolta e dalla natura del servizio o della transazione. I dati possono includere, a titolo esemplificativo e non esaustivo:<\/p>\n<p>- Informazioni personali che identificano un individuo, come nome, data di nascita e numeri di identificazione.<br>- Informazioni di contatto, tra cui indirizzo, numero di telefono, indirizzo e-mail e indirizzo del portafoglio Ethereum.<br>- Informazioni tecniche, come l'indirizzo IP per i servizi API e i login.<br>- Dati statistici, come le visite al sito web.<\/p>\n<p><b>2. Come raccogliamo i dati personali?<\/b><\/p>\n<p>La presente Informativa sulla privacy comprende la raccolta di dati personali nei modi seguenti:<\/p>\n<p>- Quando interagite con i nostri prodotti e servizi.<br>- Quando si crea un account con noi.<br>- In base a qualsiasi altro accordo o convenzione contrattuale.<\/p>\n<p>Alcuni metodi aggiuntivi di raccolta dei dati personali possono includere, ma non sono limitati a:<\/p>\n<p>- Comunicazioni per telefono, lettera, fax ed e-mail.<br>- Visite al sito web.<br>- Interazioni di persona.<br>- Informazioni ottenute da terzi, comprese le piattaforme di social media e il nostro helpdesk di assistenza.<br>- Potenziale estrapolazione delle informazioni attraverso l'elaborazione dei dati.<\/p>\n<p><span style=\"font-family: var( --e-global-typography-text-font-family ), Sans-serif; text-align: var(--text-align);\"><b>3. Quali altri dati raccogliamo?<\/b><\/span><\/p>\n<p>Raccogliamo i vostri dati personali dal nostro sito web e dai nostri servizi attraverso i seguenti mezzi:<\/p>\n<p>- Indirizzo IP: Utilizziamo il vostro indirizzo IP per diagnosticare i problemi del server e amministrare il nostro sito web. Gli indirizzi IP non sono collegati a informazioni di identificazione personale.<br>- Cookie: In alcune pagine utilizziamo i cookie per memorizzare le preferenze e registrare le informazioni sulla sessione, garantendo un'esperienza utente pi\u00f9 personalizzata. Per informazioni dettagliate sull'utilizzo dei cookie, consultare la nostra Politica sui cookie. Le informazioni raccolte dai cookie ci aiutano a valutare l'efficacia del nostro sito, ad analizzare le tendenze e a gestire la piattaforma. Ci permettono di migliorare l'esperienza dell'utente riconoscendo le funzioni desiderate, risolvendo le difficolt\u00e0 di accesso e fornendo un'esperienza pi\u00f9 personalizzata. I cookie possono essere utilizzati anche da fornitori di servizi terzi. L'uso continuato del sito implica il consenso alla memorizzazione dei cookie sul dispositivo dell'utente. \u00c8 importante proteggere la propria password e il proprio computer per evitare accessi non autorizzati.<br>- Modulo di feedback dell'utente: Il nostro modulo di feedback raccoglie informazioni di contatto (ad esempio, nome e indirizzo e-mail) per rispondere ai commenti e fornire informazioni pertinenti sulla nostra azienda.<br>- Tracciamento del sito: Ci avvaliamo di fornitori di servizi terzi per aiutarci a comprendere l'utilizzo del sito. Questi fornitori di servizi collocano i cookie sul disco rigido del vostro computer e ricevono informazioni selezionate, come i modelli di navigazione, la navigazione delle pagine e i dati generali sulle transazioni. Ci forniscono rapporti aggregati per l'analisi, aiutandoci a capire gli interessi dei visitatori e a migliorare i nostri servizi. Le informazioni raccolte dai nostri fornitori di servizi possono essere combinate con i dati da noi raccolti durante l'utilizzo della piattaforma. I nostri fornitori di servizi sono obbligati per contratto a utilizzare queste informazioni esclusivamente per assisterci.<\/p>\n<p><b>4. Per cosa utilizziamo i vostri dati personali?<\/b><\/p>\n<p>Utilizziamo i vostri dati personali per i seguenti scopi:<\/p>\n<p>- Fornire ed eseguire i nostri servizi all'utente.<br>- Garantire la sicurezza e il benessere proprio e degli altri clienti.<br>- Indagare e rispondere ai vostri reclami e alle vostre richieste di informazioni.<br>- Conduzione di attivit\u00e0 di sviluppo commerciale, quali analisi statistiche e di marketing, test di sistema, manutenzione e sviluppo e indagini sui clienti.<br>- Conformit\u00e0 ai requisiti legali e normativi.<br>- Intraprendere qualsiasi altro scopo correlato alle finalit\u00e0 di cui sopra.<\/p>\n<p>Oltre alle finalit\u00e0 principali, possiamo utilizzare i vostri dati anche per le seguenti finalit\u00e0 accessorie:<\/p>\n<p>- Comunicare offerte, prodotti, servizi e informazioni su prodotti e attivit\u00e0.<br>- Attivit\u00e0 di marketing e cross-marketing e comunicazioni relative a prodotti e servizi offerti da noi, dai nostri partner di servizio e dagli agenti incaricati.<br>- Qualsiasi altra finalit\u00e0 aziendale connessa agli scopi sopra indicati.<\/p>\n<p><b>5. Accesso \/ correzione \/ aggiornamento dei vostri dati personali<\/b><\/p>\n<p>A seconda del Paese di residenza e della relativa legislazione, l'utente pu\u00f2 avere il diritto di richiedere una copia dei propri dati personali, cancellarli, modificarli o limitarne il trattamento. Risponderemo alle vostre richieste nel pi\u00f9 breve tempo possibile, ma potrebbe essere necessario verificare l'autenticit\u00e0 della richiesta.<\/p>\n<p>In situazioni specifiche, potremmo richiedere ulteriori dati personali, come ad esempio documenti KYC, per ottemperare a requisiti legali e normativi o in caso di controversia tra voi e noi.<\/p>\n<p>L'utente ha i seguenti diritti:<\/p>\n<p>- Diritto di accesso: \u00c8 possibile accedere o ottenere copie delle proprie informazioni personali.<br>- Diritto di rettifica: \u00c8 possibile correggere informazioni personali inesatte e completare informazioni incomplete.<br>- Diritto alla cancellazione: \u00e8 possibile richiedere la cancellazione dei propri dati personali in determinate circostanze.<br>- Diritto alla limitazione del trattamento: \u00c8 possibile richiedere la limitazione del trattamento dei propri dati personali in determinate circostanze.<br>- Diritto di opposizione: \u00c8 possibile opporsi al trattamento dei propri dati personali in determinate circostanze.<br>- Diritto alla portabilit\u00e0 dei dati: \u00c8 possibile richiedere la trasmissione dei propri dati personali a un altro ente o direttamente all'utente in determinate circostanze.<\/p>\n<p><b>6. Ritiro del consenso<\/b><\/p>\n<p>Il trattamento dei vostri dati personali per le finalit\u00e0 principali \u00e8 necessario per la fornitura dei nostri servizi. Se non acconsentite al trattamento dei vostri dati personali per finalit\u00e0 accessorie, potreste non ricevere aggiornamenti sui nostri servizi e prodotti.<\/p>\n<p>\u00c8 possibile interrompere la ricezione di attivit\u00e0 promozionali cancellandosi dalle mailing list, modificando le impostazioni del proprio account o inviando una richiesta all'indirizzo contact@yetiouro.io.<\/p>\n<p><b>7. Divulgazione dei dati personali<\/b><\/p>\n<p>Non commerciamo n\u00e9 vendiamo i vostri dati personali a terzi. Possiamo divulgare o trasferire i vostri dati personali alle seguenti terze parti per gli scopi sopra indicati:<\/p>\n<p>- Magazzini di dati.<br>- Fornitori di servizi IT.<br>- Analisi dei dati e\/o agenzie di marketing.<br>- Organi legali, come consentito o richiesto dalla legge.<br>- Autorit\u00e0 di regolamentazione applicabili all'utente.<br>- Personale addetto alla sicurezza.<\/p>\n<p>Inoltre, i vostri dati personali possono essere divulgati o trasferiti ai nostri assegnatari, cessionari o acquirenti effettivi e potenziali, comprese le societ\u00e0 affiliate, le filiali o in relazione alla ristrutturazione o all'esercizio dell'impresa.<\/p>\n<p>Ci adoperiamo per garantire che le terze parti coinvolte nella raccolta, nell'utilizzo e nella divulgazione dei vostri dati personali rispettino i termini della presente Informativa sulla privacy.<\/p>\n<p><b>8. Conservazione dei dati personali<\/b><\/p>\n<p>Conserveremo i vostri dati personali per tutto il tempo necessario per gli scopi sopra indicati. Al termine di tale periodo, adotteremo misure per distruggere in modo sicuro o cancellare definitivamente i vostri dati personali. I dati inattivi saranno smaltiti dopo un periodo di 24 mesi secondo il nostro programma di smaltimento.<\/p>\n<p>Pur adottando misure di sicurezza per proteggere i dati personali dell'utente, non possiamo garantire che non si verifichi una violazione dei dati. Si consiglia di adottare ulteriori misure di sicurezza, come l'utilizzo dell'Autenticazione a due fattori, per proteggere ulteriormente le informazioni del proprio account e i dati personali. Se si sospetta una compromissione dei propri dati, si prega di contattare immediatamente il nostro team di assistenza.<\/p>\n<p><b>9. Collegamenti a siti web di terzi<\/b><\/p>\n<p>Sul nostro sito web o sulle nostre applicazioni possiamo fornire link a siti web di terzi. Si prega di notare che la presente Informativa sulla privacy non si applica a tali siti di terzi, in quanto al di fuori del nostro controllo. Prima di inviare informazioni personali su siti di terzi, si prega di esaminare le loro dichiarazioni sulla privacy per assicurarsi di essere a proprio agio con le loro pratiche sulla privacy. Ci sforziamo di garantire che i siti di terzi abbiano misure adeguate in materia di privacy, ma non siamo responsabili delle loro attivit\u00e0 o della loro conformit\u00e0 alla privacy.<\/p>\n<p><b>10. Ulteriori informazioni o assistenza<\/b><\/p>\n<p>Si prega di notare che la presente Informativa sulla privacy pu\u00f2 essere modificata in conformit\u00e0 alle leggi e ai regolamenti applicabili. Eventuali modifiche saranno applicabili all'utente.<\/p>\n<p>Per qualsiasi richiesta, reclamo o per accedere, aggiornare o modificare i propri dati personali come sopra indicato, si prega di contattarci all'indirizzo contact@yetiouro.io.<\/p>\t\t\t\t\t\t\t\t<\/div>\n\t\t\t\t<\/div>\n\t\t\t\t\t<\/div>\n\t\t\t\t<\/div>\n\t\t\t\t<\/div>","protected":false},"excerpt":{"rendered":"<p>Privacy Policy for Yeti Ouro Welcome to Yeti Ouro! This Privacy Policy is an integral part of our Terms and Conditions. The definitions used in this Privacy Policy have the same meanings as in the Terms, unless otherwise specified. Our Privacy Policy outlines how Yeti Ouro and Yeti Ouro Operators collect, use, process, disclose, share, [&hellip;]<\/p>","protected":false},"author":6,"featured_media":0,"parent":0,"menu_order":0,"comment_status":"closed","ping_status":"closed","template":"","meta":{"_monsterinsights_skip_tracking":false,"_monsterinsights_sitenote_active":false,"_monsterinsights_sitenote_note":"","_monsterinsights_sitenote_category":0,"footnotes":""},"class_list":["post-27","page","type-page","status-publish","hentry"],"_links":{"self":[{"href":"https:\/\/yetiouro.io\/it\/wp-json\/wp\/v2\/pages\/27","targetHints":{"allow":["GET"]}}],"collection":[{"href":"https:\/\/yetiouro.io\/it\/wp-json\/wp\/v2\/pages"}],"about":[{"href":"https:\/\/yetiouro.io\/it\/wp-json\/wp\/v2\/types\/page"}],"author":[{"embeddable":true,"href":"https:\/\/yetiouro.io\/it\/wp-json\/wp\/v2\/users\/6"}],"replies":[{"embeddable":true,"href":"https:\/\/yetiouro.io\/it\/wp-json\/wp\/v2\/comments?post=27"}],"version-history":[{"count":0,"href":"https:\/\/yetiouro.io\/it\/wp-json\/wp\/v2\/pages\/27\/revisions"}],"wp:attachment":[{"href":"https:\/\/yetiouro.io\/it\/wp-json\/wp\/v2\/media?parent=27"}],"curies":[{"name":"wp","href":"https:\/\/api.w.org\/{rel}","templated":true}]}}