{"id":4887,"date":"2025-05-22T13:58:16","date_gmt":"2025-05-22T12:58:16","guid":{"rendered":"https:\/\/yetiouro.io\/?page_id=4887"},"modified":"2025-05-22T14:29:53","modified_gmt":"2025-05-22T13:29:53","slug":"tokenomics","status":"publish","type":"page","link":"https:\/\/yetiouro.io\/fr\/tokenomics\/","title":{"rendered":"TOKENOMICS"},"content":{"rendered":"<div data-elementor-type=\"wp-page\" data-elementor-id=\"4887\" class=\"elementor elementor-4887\" data-elementor-post-type=\"page\">\n\t\t\t\t<div class=\"elementor-element elementor-element-b0d35ba e-flex e-con-boxed e-con e-parent\" data-id=\"b0d35ba\" data-element_type=\"container\">\n\t\t\t\t\t<div class=\"e-con-inner\">\n\t\t\t\t\t<\/div>\n\t\t\t\t<\/div>\n\t\t<div class=\"elementor-element elementor-element-2a5e483 e-flex e-con-boxed e-con e-parent\" data-id=\"2a5e483\" data-element_type=\"container\">\n\t\t\t\t\t<div class=\"e-con-inner\">\n\t\t\t\t<div class=\"elementor-element elementor-element-e63f900 elementor-widget elementor-widget-html\" data-id=\"e63f900\" data-element_type=\"widget\" data-widget_type=\"html.default\">\n\t\t\t\t<div class=\"elementor-widget-container\">\n\t\t\t\t\t<title>Yeti ouro - Tokenomics<\/title>\t\t\t\t<\/div>\n\t\t\t\t<\/div>\n\t\t\t\t\t<\/div>\n\t\t\t\t<\/div>\n\t\t<div class=\"elementor-element elementor-element-89a741c e-flex e-con-boxed e-con e-parent\" data-id=\"89a741c\" data-element_type=\"container\" data-settings=\"{&quot;background_background&quot;:&quot;classic&quot;}\">\n\t\t\t\t\t<div class=\"e-con-inner\">\n\t\t\t\t<div class=\"elementor-element elementor-element-e3a784f elementor-widget elementor-widget-heading\" data-id=\"e3a784f\" data-element_type=\"widget\" data-widget_type=\"heading.default\">\n\t\t\t\t<div class=\"elementor-widget-container\">\n\t\t\t\t\t<h2 class=\"elementor-heading-title elementor-size-default\">les tokenomics <\/h2>\t\t\t\t<\/div>\n\t\t\t\t<\/div>\n\t\t\r\n\t\t<div class=\"elementor-element elementor-element-f80e772 elementor-widget__width-initial elementor-widget elementor-widget-text-editor\" data-id=\"f80e772\" data-element_type=\"widget\" data-widget_type=\"text-editor.default\">\n\t\t\t\t<div class=\"elementor-widget-container\">\n\t\t\t\t\t\t\t\t\t<p>Yeti-Ouro (YETIO) est con\u00e7u avec une structure tokenomique bien \u00e9quilibr\u00e9e pour assurer une croissance durable, encourager la participation de la communaut\u00e9 et fournir une valeur \u00e0 long terme pour toutes les parties prenantes. Nous d\u00e9crivons ci-dessous les principaux aspects de la distribution des jetons de Yeti-Ouro, leur utilit\u00e9, les m\u00e9canismes de r\u00e9compense et les possibilit\u00e9s de gagner de l'argent en jouant.<\/p>\t\t\t\t\t\t\t\t<\/div>\n\t\t\t\t<\/div>\n\t\t\t\t<div class=\"elementor-element elementor-element-dfbffd8 elementor-widget elementor-widget-image\" data-id=\"dfbffd8\" data-element_type=\"widget\" data-widget_type=\"image.default\">\n\t\t\t\t<div class=\"elementor-widget-container\">\n\t\t\t\t\t\t\t\t\t\t\t\t\t\t\t<img decoding=\"async\" src=\"https:\/\/yetiouro.io\/wp-content\/uploads\/2025\/02\/Tokenomics%20copy-172.svg\" title=\"\" alt=\"\" loading=\"lazy\" \/>\t\t\t\t\t\t\t\t\t\t\t\t\t\t\t<\/div>\n\t\t\t\t<\/div>\n\t\t\t\t\t<\/div>\n\t\t\t\t<\/div>\n\t\t<div class=\"elementor-element elementor-element-7d2d313 e-flex e-con-boxed e-con e-parent\" data-id=\"7d2d313\" data-element_type=\"container\" data-settings=\"{&quot;background_background&quot;:&quot;classic&quot;}\">\n\t\t\t\t\t<div class=\"e-con-inner\">\n\t\t\t\t<div class=\"elementor-element elementor-element-657a325 elementor-widget elementor-widget-html\" data-id=\"657a325\" data-element_type=\"widget\" data-widget_type=\"html.default\">\n\t\t\t\t<div class=\"elementor-widget-container\">\n\t\t\t\t\t<style>\n\n.elementor-shape-fill{\n    display: none;\n}\n\n\n.elementor-20 .elementor-element.elementor-element-2d73c7d .elementor-button {\n   pointer-events: none;\n}\n.elementor-20 .elementor-element.elementor-element-700d431 .elementor-button {\n   pointer-events: none;\n}\n\n.elementor-20 .elementor-element.elementor-element-1ed7344 .elementor-button {\n   pointer-events: none;\n}\n\n\n@media only screen and (max-width: 600px) {\n .elementor-20 .elementor-element.elementor-element-246f6f4 img {\n    height: 388px;\n}\n}\n\n.value-btn svg {\n    max-height:900px;\n    width: 40px;\n}\n\n@media screen and (min-width: 1024px) and (min-height: 1320px) {\n   .e-con.e-child.main-class {\n    margin: 0 !important;\n}\n}\n\n\n<\/style>\t\t\t\t<\/div>\n\t\t\t\t<\/div>\n\t\t\t\t\t<\/div>\n\t\t\t\t<\/div>\n\t\t\t\t<\/div>","protected":false},"excerpt":{"rendered":"<p>Yeti ouro &#8211; Tokenomics tokenomics Yeti-Ouro (YETIO) is designed with a well-balanced tokenomics structure to ensure sustainable growth, incentivize community participation, and provide long-term value for all stakeholders. Below, we outline the key aspects of Yeti-Ouro\u2019s token distribution, utility, reward mechanisms, and play-to-earn opportunities.<\/p>","protected":false},"author":6,"featured_media":0,"parent":0,"menu_order":0,"comment_status":"closed","ping_status":"closed","template":"","meta":{"_monsterinsights_skip_tracking":false,"_monsterinsights_sitenote_active":false,"_monsterinsights_sitenote_note":"","_monsterinsights_sitenote_category":0,"footnotes":""},"class_list":["post-4887","page","type-page","status-publish","hentry"],"_links":{"self":[{"href":"https:\/\/yetiouro.io\/fr\/wp-json\/wp\/v2\/pages\/4887","targetHints":{"allow":["GET"]}}],"collection":[{"href":"https:\/\/yetiouro.io\/fr\/wp-json\/wp\/v2\/pages"}],"about":[{"href":"https:\/\/yetiouro.io\/fr\/wp-json\/wp\/v2\/types\/page"}],"author":[{"embeddable":true,"href":"https:\/\/yetiouro.io\/fr\/wp-json\/wp\/v2\/users\/6"}],"replies":[{"embeddable":true,"href":"https:\/\/yetiouro.io\/fr\/wp-json\/wp\/v2\/comments?post=4887"}],"version-history":[{"count":13,"href":"https:\/\/yetiouro.io\/fr\/wp-json\/wp\/v2\/pages\/4887\/revisions"}],"predecessor-version":[{"id":4934,"href":"https:\/\/yetiouro.io\/fr\/wp-json\/wp\/v2\/pages\/4887\/revisions\/4934"}],"wp:attachment":[{"href":"https:\/\/yetiouro.io\/fr\/wp-json\/wp\/v2\/media?parent=4887"}],"curies":[{"name":"wp","href":"https:\/\/api.w.org\/{rel}","templated":true}]}}