{"id":27,"date":"2024-07-05T14:57:23","date_gmt":"2024-07-05T13:57:23","guid":{"rendered":"https:\/\/yetiouro.io\/?page_id=27"},"modified":"2024-07-24T11:14:21","modified_gmt":"2024-07-24T10:14:21","slug":"privacy-policy","status":"publish","type":"page","link":"https:\/\/yetiouro.io\/de\/privacy-policy\/","title":{"rendered":"Datenschutzbestimmungen"},"content":{"rendered":"<div data-elementor-type=\"wp-page\" data-elementor-id=\"27\" class=\"elementor elementor-27\" data-elementor-post-type=\"page\">\n\t\t\t\t<div class=\"elementor-element elementor-element-f4f219c e-flex e-con-boxed e-con e-parent\" data-id=\"f4f219c\" data-element_type=\"container\" data-settings=\"{&quot;background_background&quot;:&quot;classic&quot;}\">\n\t\t\t\t\t<div class=\"e-con-inner\">\n\t\t\r\n\t\t<div class=\"elementor-element elementor-element-b4103b2 elementor-widget elementor-widget-text-editor\" data-id=\"b4103b2\" data-element_type=\"widget\" data-widget_type=\"text-editor.default\">\n\t\t\t\t<div class=\"elementor-widget-container\">\n\t\t\t\t\t\t\t\t\t<p><b>Datenschutzrichtlinie f\u00fcr Yeti Ouro<\/b><\/p>\n<p>Willkommen bei Yeti Ouro! Diese Datenschutzrichtlinie ist ein wesentlicher Bestandteil unserer Allgemeinen Gesch\u00e4ftsbedingungen. Die in dieser Datenschutzrichtlinie verwendeten Definitionen haben dieselbe Bedeutung wie in den Gesch\u00e4ftsbedingungen, sofern nicht anders angegeben.<\/p>\n<p>Unsere Datenschutzrichtlinie legt dar, wie Yeti Ouro und die Yeti Ouro-Betreiber personenbezogene Daten erheben, verwenden, verarbeiten, offenlegen, weitergeben, \u00fcbertragen und sch\u00fctzen, die sie durch Yeti Ouro und seine Partner erhalten. Wenn wir nach pers\u00f6nlichen Daten fragen, dann entweder, weil es gesetzlich vorgeschrieben ist oder weil sie f\u00fcr unsere angegebenen Zwecke relevant sind. Ausf\u00fchrliche Informationen \u00fcber die Verwendung von Cookies finden Sie in unserer separaten Cookie-Richtlinie.<\/p>\n<p>Bitte nehmen Sie sich die Zeit, diese Datenschutzrichtlinie sorgf\u00e4ltig zu lesen. Mit dem Besuch der Yeti Ouro Website, unabh\u00e4ngig davon, ob Sie sich registrieren oder anmelden, erkennen Sie die in dieser Datenschutzrichtlinie beschriebenen Bedingungen an, verstehen sie und stimmen ihnen zu. Wir werden Ihre pers\u00f6nlichen Daten nicht f\u00fcr Zwecke verwenden, die nicht in dieser Datenschutzrichtlinie, der Cookie-Richtlinie oder den Nutzungsbedingungen aufgef\u00fchrt sind, ohne Sie vorher zu informieren und Ihre Zustimmung einzuholen.<\/p>\n<p>Da wir innerhalb des Europ\u00e4ischen Wirtschaftsraums (EWR) t\u00e4tig sind, enth\u00e4lt diese Datenschutzrichtlinie Elemente der Allgemeinen Datenschutzverordnung (GDPR). Wir halten die Regeln der GDPR f\u00fcr die Verarbeitung personenbezogener Daten ein. Bei Daten\u00fcbertragungen in Drittl\u00e4nder verwenden wir Standardvertragsklauseln, st\u00fctzen uns auf die Angemessenheitsbeschl\u00fcsse der Europ\u00e4ischen Kommission und holen Ihre Zustimmung ein, wie es die geltenden Gesetze verlangen.<\/p>\n<p><b>1. Arten von Daten, die wir sammeln<\/b><\/p>\n<p>Die Art der personenbezogenen Daten, die wir entweder direkt von Ihnen oder von Dritten erheben, h\u00e4ngt von den Umst\u00e4nden der Erhebung und der Art der Dienstleistung oder Transaktion ab. Die Daten k\u00f6nnen unter anderem Folgendes umfassen:<\/p>\n<p>- Pers\u00f6nliche Informationen, die eine Person identifizieren, wie Name, Geburtsdatum und Identifikationsnummern.<br>- Kontaktinformationen, einschlie\u00dflich Adresse, Telefonnummer, E-Mail-Adresse und Ethereum-Wallet-Adresse.<br>- Technische Informationen, wie die IP-Adresse f\u00fcr API-Dienste und Anmeldungen.<br>- Statistische Daten, wie z. B. Website-Besuche.<\/p>\n<p><b>2. Wie sammeln wir pers\u00f6nliche Daten?<\/b><\/p>\n<p>Diese Datenschutzrichtlinie umfasst die Erhebung personenbezogener Daten auf folgende Weise:<\/p>\n<p>- Wenn Sie mit unseren Produkten und Dienstleistungen interagieren.<br>- Wenn Sie ein Konto bei uns erstellen.<br>- Im Rahmen einer anderen vertraglichen Vereinbarung oder Regelung.<\/p>\n<p>Zu den zus\u00e4tzlichen Methoden der Erhebung personenbezogener Daten geh\u00f6ren unter anderem:<\/p>\n<p>- Kommunikation per Telefon, Brief, Fax und E-Mail.<br>- Website-Besuche.<br>- Pers\u00f6nliche Interaktionen.<br>- Informationen, die wir von Dritten erhalten haben, einschlie\u00dflich Social-Media-Plattformen und unserem Support-Helpdesk.<br>- M\u00f6gliche Extrapolation von Informationen durch Datenverarbeitung.<\/p>\n<p><span style=\"font-family: var( --e-global-typography-text-font-family ), Sans-serif; text-align: var(--text-align);\"><b>3. Welche anderen Daten sammeln wir?<\/b><\/span><\/p>\n<p>Wir erheben Ihre personenbezogenen Daten auf unserer Website und in unseren Diensten auf die folgenden Arten:<\/p>\n<p>- IP-Adresse: Wir verwenden Ihre IP-Adresse, um Serverprobleme zu diagnostizieren und unsere Website zu verwalten. IP-Adressen werden nicht mit pers\u00f6nlich identifizierbaren Informationen verkn\u00fcpft.<br>- Cookies: Auf einigen Seiten verwenden wir Cookies, um Pr\u00e4ferenzen zu speichern und Sitzungsinformationen aufzuzeichnen, um eine individuellere Benutzererfahrung zu gew\u00e4hrleisten. Detaillierte Informationen \u00fcber die Verwendung von Cookies finden Sie in unserer Cookie-Richtlinie. Die von Cookies gesammelten Informationen helfen uns, die Effektivit\u00e4t unserer Website zu bewerten, Trends zu analysieren und die Plattform zu verwalten. Sie erm\u00f6glichen es uns, die Nutzererfahrung zu verbessern, indem wir gew\u00fcnschte Funktionen erkennen, Zugangsprobleme beheben und eine individuellere Erfahrung bieten. Cookies k\u00f6nnen auch von Drittanbietern verwendet werden. Durch die weitere Nutzung der Website erkl\u00e4ren Sie sich damit einverstanden, dass Cookies auf Ihrem Ger\u00e4t gespeichert werden. Es ist wichtig, dass Sie Ihr Passwort und Ihren Computer sch\u00fctzen, um unbefugten Zugriff zu verhindern.<br>- Benutzer-Feedback-Formular: Unser Feedback-Formular sammelt Kontaktinformationen (z. B. Name und E-Mail-Adresse), um auf Kommentare zu reagieren und relevante Informationen \u00fcber unser Unternehmen bereitzustellen.<br>- Website-Verfolgung: Wir setzen Drittanbieter ein, die uns helfen, die Nutzung der Website zu verstehen. Diese Dienstleister platzieren Cookies auf der Festplatte Ihres Computers und erhalten ausgew\u00e4hlte Informationen, wie Navigationsmuster, Seitenaufrufe und allgemeine Transaktionsdaten. Sie stellen uns zusammengefasste Berichte zur Analyse zur Verf\u00fcgung, die uns dabei helfen, die Interessen der Besucher zu verstehen und unsere Dienstleistungen zu verbessern. Die von unseren Dienstleistern gesammelten Informationen k\u00f6nnen mit Daten kombiniert werden, die wir w\u00e4hrend Ihrer Nutzung der Plattform sammeln. Unser(e) Dienstleister ist\/sind vertraglich verpflichtet, diese Informationen ausschlie\u00dflich zu unserer Unterst\u00fctzung zu verwenden.<\/p>\n<p><b>4. Wof\u00fcr verwenden wir Ihre pers\u00f6nlichen Daten?<\/b><\/p>\n<p>Wir verwenden Ihre personenbezogenen Daten f\u00fcr die folgenden Zwecke:<\/p>\n<p>- Bereitstellung und Ausf\u00fchrung unserer Dienstleistungen f\u00fcr Sie.<br>- Gew\u00e4hrleistung der Sicherheit und des Wohlbefindens von sich selbst und anderen Kunden.<br>- Untersuchung und Beantwortung Ihrer Anspr\u00fcche und Anfragen.<br>- Durchf\u00fchrung von Gesch\u00e4ftsentwicklungsaktivit\u00e4ten wie Statistik- und Marketinganalysen, Systemtests, Wartung und Entwicklung sowie Kundenumfragen.<br>- Einhaltung der rechtlichen und regulatorischen Anforderungen.<br>- Durchf\u00fchrung sonstiger Zwecke, die mit den oben genannten Zwecken zusammenh\u00e4ngen.<\/p>\n<p>Zus\u00e4tzlich zu den Hauptzwecken k\u00f6nnen wir Ihre Daten auch f\u00fcr die folgenden Nebenzwecke verwenden:<\/p>\n<p>- \u00dcbermittlung von Angeboten, Produkten, Dienstleistungen und Informationen \u00fcber Produkte und Aktivit\u00e4ten.<br>- Marketing- und Cross-Marketing-Aktivit\u00e4ten sowie Kommunikation in Bezug auf Produkte und Dienstleistungen, die von uns, unseren Dienstleistungspartnern und Beauftragten angeboten werden.<br>- Alle anderen unternehmensbezogenen Zwecke, die mit den oben genannten Zwecken zusammenh\u00e4ngen.<\/p>\n<p><b>5. Zugriff auf \/ Korrektur \/ Aktualisierung Ihrer pers\u00f6nlichen Daten<\/b><\/p>\n<p>Je nach Land, in dem Sie Ihren Wohnsitz haben, und dessen Gesetzgebung haben Sie das Recht, eine Kopie Ihrer personenbezogenen Daten anzufordern, Ihre personenbezogenen Daten zu l\u00f6schen, sie zu \u00e4ndern oder ihre Verarbeitung einzuschr\u00e4nken. Wir werden Ihre Anfragen so schnell wie m\u00f6glich beantworten, m\u00fcssen aber m\u00f6glicherweise die Echtheit der Anfrage \u00fcberpr\u00fcfen.<\/p>\n<p>In bestimmten Situationen k\u00f6nnen wir zus\u00e4tzliche personenbezogene Daten anfordern, z. B. KYC-Dokumente, um gesetzliche und beh\u00f6rdliche Anforderungen zu erf\u00fcllen oder im Falle einer Streitigkeit zwischen Ihnen und uns.<\/p>\n<p>Sie haben die folgenden Rechte:<\/p>\n<p>- Recht auf Zugang: Sie k\u00f6nnen auf Ihre pers\u00f6nlichen Daten zugreifen oder Kopien davon erhalten.<br>- Recht auf Berichtigung: Sie k\u00f6nnen ungenaue personenbezogene Daten berichtigen und unvollst\u00e4ndige Daten vervollst\u00e4ndigen.<br>- Recht auf L\u00f6schung: Sie k\u00f6nnen unter bestimmten Umst\u00e4nden die L\u00f6schung Ihrer personenbezogenen Daten verlangen.<br>- Recht auf Einschr\u00e4nkung der Verarbeitung: Sie k\u00f6nnen unter bestimmten Umst\u00e4nden die Einschr\u00e4nkung der Verarbeitung Ihrer personenbezogenen Daten verlangen.<br>- Recht auf Widerspruch: Sie k\u00f6nnen der Verarbeitung Ihrer personenbezogenen Daten unter bestimmten Umst\u00e4nden widersprechen.<br>- Recht auf Daten\u00fcbertragbarkeit: Sie k\u00f6nnen unter bestimmten Umst\u00e4nden die \u00dcbermittlung Ihrer personenbezogenen Daten an eine andere Stelle oder direkt an Sie verlangen.<\/p>\n<p><b>6. R\u00fccknahme der Zustimmung<\/b><\/p>\n<p>Die Verarbeitung Ihrer personenbezogenen Daten f\u00fcr die Hauptzwecke ist notwendig, damit wir unsere Dienstleistungen erbringen k\u00f6nnen. Wenn Sie der Verarbeitung Ihrer personenbezogenen Daten f\u00fcr Nebenzwecke nicht zustimmen, erhalten Sie m\u00f6glicherweise keine Informationen \u00fcber unsere Dienstleistungen und Produkte.<\/p>\n<p>Sie k\u00f6nnen den Erhalt von Werbematerialien stoppen, indem Sie sich von Mailinglisten abmelden, Ihre Kontoeinstellungen bearbeiten oder eine Anfrage \u00fcber contact@yetiouro.io senden.<\/p>\n<p><b>7. Offenlegung Ihrer pers\u00f6nlichen Daten<\/b><\/p>\n<p>Wir handeln oder verkaufen Ihre personenbezogenen Daten nicht an Dritte. Wir k\u00f6nnen Ihre personenbezogenen Daten zu den oben genannten Zwecken an die folgenden Dritten weitergeben oder \u00fcbertragen:<\/p>\n<p>- Data Warehouses.<br>- IT-Dienstleister.<br>- Datenanalytik und\/oder Marketingagenturen.<br>- Rechtstr\u00e4ger, soweit dies gesetzlich zul\u00e4ssig oder erforderlich ist.<br>- F\u00fcr Sie geltende Aufsichtsbeh\u00f6rden.<br>- Sicherheits- und Ordnungspersonal.<\/p>\n<p>Dar\u00fcber hinaus k\u00f6nnen Ihre personenbezogenen Daten gegen\u00fcber unseren tats\u00e4chlichen und potenziellen Abtretungsempf\u00e4ngern, \u00dcbernehmern oder Erwerbern, einschlie\u00dflich verbundener Unternehmen, Tochtergesellschaften oder im Zusammenhang mit einer Unternehmensumstrukturierung oder -aus\u00fcbung offengelegt oder \u00fcbertragen werden.<\/p>\n<p>Wir ergreifen Ma\u00dfnahmen, um sicherzustellen, dass Dritte, die an der Erfassung, Verwendung und Weitergabe Ihrer pers\u00f6nlichen Daten beteiligt sind, die Bedingungen dieser Datenschutzerkl\u00e4rung einhalten.<\/p>\n<p><b>8. Aufbewahrung Ihrer pers\u00f6nlichen Daten<\/b><\/p>\n<p>Wir werden Ihre personenbezogenen Daten so lange aufbewahren, wie es f\u00fcr die oben genannten Zwecke erforderlich ist. Nach Ablauf dieses Zeitraums werden wir Ma\u00dfnahmen ergreifen, um Ihre personenbezogenen Daten sicher zu vernichten oder dauerhaft zu l\u00f6schen. Inaktive Daten werden nach einem Zeitraum von 24 Monaten gem\u00e4\u00df unserem Entsorgungsplan entsorgt.<\/p>\n<p>Obwohl wir Sicherheitsma\u00dfnahmen zum Schutz Ihrer pers\u00f6nlichen Daten ergreifen, k\u00f6nnen wir nicht garantieren, dass es nicht zu einer Datenverletzung kommt. Es wird empfohlen, dass Sie zus\u00e4tzliche Sicherheitsma\u00dfnahmen ergreifen, wie z. B. die Verwendung der 2-Faktor-Authentifizierung, um Ihre Kontoinformationen und pers\u00f6nlichen Daten weiter zu sch\u00fctzen. Wenn Sie den Verdacht haben, dass Ihre Daten kompromittiert wurden, wenden Sie sich bitte umgehend an unser Support-Team.<\/p>\n<p><b>9. Links zu Websites von Drittanbietern<\/b><\/p>\n<p>Wir k\u00f6nnen auf unserer Website oder in unseren Anwendungen Links zu Websites Dritter anbieten. Bitte beachten Sie, dass dieser Datenschutzhinweis nicht f\u00fcr diese Websites Dritter gilt, da sie sich unserer Kontrolle entziehen. Bevor Sie personenbezogene Daten auf Websites von Drittanbietern \u00fcbermitteln, lesen Sie bitte deren Datenschutzerkl\u00e4rungen, um sicherzustellen, dass Sie mit deren Datenschutzpraktiken einverstanden sind. Wir bem\u00fchen uns, sicherzustellen, dass die Websites von Drittanbietern \u00fcber angemessene Datenschutzma\u00dfnahmen verf\u00fcgen, sind jedoch nicht f\u00fcr deren Aktivit\u00e4ten oder die Einhaltung des Datenschutzes verantwortlich.<\/p>\n<p><b>10. Zus\u00e4tzliche Informationen oder Unterst\u00fctzung<\/b><\/p>\n<p>Bitte beachten Sie, dass diese Datenschutzrichtlinie im Einklang mit den geltenden Gesetzen und Vorschriften ge\u00e4ndert werden kann. Alle \u00c4nderungen werden auf Sie anwendbar sein.<\/p>\n<p>Wenn Sie Anfragen oder Beschwerden haben oder Ihre oben genannten personenbezogenen Daten einsehen, aktualisieren oder \u00e4ndern m\u00f6chten, wenden Sie sich bitte an contact@yetiouro.io.<\/p>\t\t\t\t\t\t\t\t<\/div>\n\t\t\t\t<\/div>\n\t\t\t\t\t<\/div>\n\t\t\t\t<\/div>\n\t\t\t\t<\/div>","protected":false},"excerpt":{"rendered":"<p>Privacy Policy for Yeti Ouro Welcome to Yeti Ouro! This Privacy Policy is an integral part of our Terms and Conditions. The definitions used in this Privacy Policy have the same meanings as in the Terms, unless otherwise specified. Our Privacy Policy outlines how Yeti Ouro and Yeti Ouro Operators collect, use, process, disclose, share, [&hellip;]<\/p>","protected":false},"author":6,"featured_media":0,"parent":0,"menu_order":0,"comment_status":"closed","ping_status":"closed","template":"","meta":{"_monsterinsights_skip_tracking":false,"_monsterinsights_sitenote_active":false,"_monsterinsights_sitenote_note":"","_monsterinsights_sitenote_category":0,"footnotes":""},"class_list":["post-27","page","type-page","status-publish","hentry"],"_links":{"self":[{"href":"https:\/\/yetiouro.io\/de\/wp-json\/wp\/v2\/pages\/27","targetHints":{"allow":["GET"]}}],"collection":[{"href":"https:\/\/yetiouro.io\/de\/wp-json\/wp\/v2\/pages"}],"about":[{"href":"https:\/\/yetiouro.io\/de\/wp-json\/wp\/v2\/types\/page"}],"author":[{"embeddable":true,"href":"https:\/\/yetiouro.io\/de\/wp-json\/wp\/v2\/users\/6"}],"replies":[{"embeddable":true,"href":"https:\/\/yetiouro.io\/de\/wp-json\/wp\/v2\/comments?post=27"}],"version-history":[{"count":0,"href":"https:\/\/yetiouro.io\/de\/wp-json\/wp\/v2\/pages\/27\/revisions"}],"wp:attachment":[{"href":"https:\/\/yetiouro.io\/de\/wp-json\/wp\/v2\/media?parent=27"}],"curies":[{"name":"wp","href":"https:\/\/api.w.org\/{rel}","templated":true}]}}