{"id":27,"date":"2024-07-05T14:57:23","date_gmt":"2024-07-05T13:57:23","guid":{"rendered":"https:\/\/yetiouro.io\/?page_id=27"},"modified":"2024-07-24T11:14:21","modified_gmt":"2024-07-24T10:14:21","slug":"privacy-policy","status":"publish","type":"page","link":"https:\/\/yetiouro.io\/da\/privacy-policy\/","title":{"rendered":"Politik for beskyttelse af personlige oplysninger"},"content":{"rendered":"<div data-elementor-type=\"wp-page\" data-elementor-id=\"27\" class=\"elementor elementor-27\" data-elementor-post-type=\"page\">\n\t\t\t\t<div class=\"elementor-element elementor-element-f4f219c e-flex e-con-boxed e-con e-parent\" data-id=\"f4f219c\" data-element_type=\"container\" data-settings=\"{&quot;background_background&quot;:&quot;classic&quot;}\">\n\t\t\t\t\t<div class=\"e-con-inner\">\n\t\t\r\n\t\t<div class=\"elementor-element elementor-element-b4103b2 elementor-widget elementor-widget-text-editor\" data-id=\"b4103b2\" data-element_type=\"widget\" data-widget_type=\"text-editor.default\">\n\t\t\t\t<div class=\"elementor-widget-container\">\n\t\t\t\t\t\t\t\t\t<p><b>Fortrolighedspolitik for Yeti Ouro<\/b><\/p>\n<p>Velkommen til Yeti Ouro! Denne fortrolighedspolitik er en integreret del af vores vilk\u00e5r og betingelser. De definitioner, der anvendes i denne privatlivspolitik, har samme betydning som i vilk\u00e5rene, medmindre andet er angivet.<\/p>\n<p>Vores privatlivspolitik beskriver, hvordan Yeti Ouro og Yeti Ouro Operators indsamler, bruger, behandler, videregiver, deler, overf\u00f8rer og beskytter personlige oplysninger, der er opn\u00e5et gennem Yeti Ouro og dets partnere. N\u00e5r vi beder om personlige oplysninger, er det enten fordi det er p\u00e5kr\u00e6vet ved lov eller relevant for vores specificerede form\u00e5l. For detaljerede oplysninger om brugen af cookies henvises til vores separate cookiepolitik.<\/p>\n<p>Tag dig tid til at l\u00e6se denne privatlivspolitik omhyggeligt. Ved at bes\u00f8ge Yeti Ouro-webstedet, uanset om du registrerer dig eller logger ind, anerkender, forst\u00e5r og accepterer du de vilk\u00e5r, der er beskrevet i denne privatlivspolitik. Vi vil ikke bruge dine personlige oplysninger til form\u00e5l, der ikke er d\u00e6kket af denne privatlivspolitik, cookiepolitikken eller vilk\u00e5rene, uden at underrette dig p\u00e5 forh\u00e5nd og indhente dit samtykke.<\/p>\n<p>Da vi opererer inden for Det Europ\u00e6iske \u00d8konomiske Samarbejdsomr\u00e5de (E\u00d8S), indeholder denne privatlivspolitik elementer fra den generelle databeskyttelsesforordning (GDPR). Vi overholder GDPR's regler om behandling af personlige oplysninger. Ved dataoverf\u00f8rsler til tredjelande bruger vi standardkontraktklausuler, stoler p\u00e5 Europa-Kommissionens beslutninger om tilstr\u00e6kkelighed og indhenter dit samtykke som kr\u00e6vet i henhold til g\u00e6ldende lovgivning.<\/p>\n<p><b>1. Typer af data, vi indsamler<\/b><\/p>\n<p>De typer personoplysninger, vi indsamler, enten direkte fra dig eller fra tredjeparter, afh\u00e6nger af omst\u00e6ndighederne ved indsamlingen og arten af tjenesten eller transaktionen. Dataene kan omfatte, men er ikke begr\u00e6nset til:<\/p>\n<p>- Personlige oplysninger, der identificerer en person, som f.eks. navn, f\u00f8dselsdato og identifikationsnumre.<br>- Kontaktoplysninger, herunder adresse, telefonnummer, e-mailadresse og Ethereum wallet-adresse.<br>- Tekniske oplysninger, som f.eks. IP-adresse for API-tjenester og logins.<br>- Statistiske data, som f.eks. bes\u00f8g p\u00e5 hjemmesiden.<\/p>\n<p><b>2. Hvordan indsamler vi personlige data?<\/b><\/p>\n<p>Denne privatlivspolitik omfatter indsamling af personoplysninger p\u00e5 f\u00f8lgende m\u00e5der:<\/p>\n<p>- N\u00e5r du interagerer med vores produkter og tjenester.<br>- N\u00e5r du opretter en konto hos os.<br>- I henhold til enhver anden kontraktlig aftale eller ordning.<\/p>\n<p>Nogle yderligere metoder til indsamling af personoplysninger kan omfatte, men er ikke begr\u00e6nset til:<\/p>\n<p>- Kommunikation via telefon, brev, fax og e-mail.<br>- Bes\u00f8g p\u00e5 hjemmesiden.<br>- Personlige interaktioner.<br>- Oplysninger indhentet fra tredjeparter, herunder sociale medieplatforme og vores support-helpdesk.<br>- Potentiel ekstrapolering af information gennem databehandling.<\/p>\n<p><span style=\"font-family: var( --e-global-typography-text-font-family ), Sans-serif; text-align: var(--text-align);\"><b>3. Hvilke andre data indsamler vi?<\/b><\/span><\/p>\n<p>Vi indsamler dine personlige data fra vores hjemmeside og tjenester p\u00e5 f\u00f8lgende m\u00e5der:<\/p>\n<p>- IP-adresse: Vi bruger din IP-adresse til at diagnosticere serverproblemer og administrere vores hjemmeside. IP-adresser er ikke knyttet til personligt identificerbare oplysninger.<br>- Cookies: Vi bruger cookies p\u00e5 nogle sider til at gemme pr\u00e6ferencer og registrere sessionsoplysninger, hvilket sikrer en mere personlig brugeroplevelse. Se vores cookiepolitik for detaljerede oplysninger om, hvordan vi bruger cookies. De oplysninger, der indsamles fra cookies, hj\u00e6lper os med at evaluere effektiviteten af vores websted, analysere tendenser og administrere platformen. Det giver os mulighed for at forbedre brugeroplevelsen ved at genkende \u00f8nskede funktioner, l\u00f8se adgangsproblemer og give en mere personlig oplevelse. Cookies kan ogs\u00e5 bruges af tredjepartsudbydere. Din fortsatte brug af webstedet indeb\u00e6rer samtykke til, at der gemmes cookies p\u00e5 din enhed. Det er vigtigt at beskytte din adgangskode og computer for at forhindre uautoriseret adgang.<br>- Formular til brugerfeedback: Vores feedbackformular indsamler kontaktoplysninger (f.eks. navn og e-mailadresse) for at svare p\u00e5 kommentarer og give relevante oplysninger om vores virksomhed.<br>- Sporing af webstedet: Vi anvender tredjepartsudbydere til at hj\u00e6lpe os med at forst\u00e5 brugen af webstedet. Disse tjenesteudbydere placerer cookies p\u00e5 din computers harddisk og modtager udvalgte oplysninger, s\u00e5som navigationsm\u00f8nstre, sidebrowsing og generelle transaktionsdata. De giver os samlede rapporter til analyse og hj\u00e6lper os med at forst\u00e5 de bes\u00f8gendes interesser og forbedre vores tjenester. De oplysninger, der indsamles af vores tjenesteudbyder(e), kan kombineres med data, som vi indsamler, mens du bruger platformen. Vores tjenesteudbyder(e) er kontraktligt forpligtet til udelukkende at bruge disse oplysninger til at hj\u00e6lpe os.<\/p>\n<p><b>4. Hvad bruger vi dine personlige data til?<\/b><\/p>\n<p>Vi bruger dine personlige data til f\u00f8lgende form\u00e5l:<\/p>\n<p>- Levering og udf\u00f8relse af vores tjenester til dig.<br>- Sikre din egen og andre kunders sikkerhed og velbefindende.<br>- Unders\u00f8gelse og besvarelse af dine krav og foresp\u00f8rgsler.<br>- Gennemf\u00f8relse af forretningsudviklingsaktiviteter som f.eks. statistiske og markedsf\u00f8ringsm\u00e6ssige analyser, systemtest, vedligeholdelse og udvikling samt kundeunders\u00f8gelser.<br>- Overholdelse af juridiske og lovgivningsm\u00e6ssige krav.<br>- Foretagelse af andre form\u00e5l, der er relateret til ovenst\u00e5ende form\u00e5l.<\/p>\n<p>Ud over de centrale form\u00e5l kan vi ogs\u00e5 bruge dine data til f\u00f8lgende supplerende form\u00e5l:<\/p>\n<p>- Kommunikation af tilbud, produkter, tjenester og information om produkter og aktiviteter.<br>- Marketing- og cross-marketingaktiviteter og kommunikation relateret til produkter og tjenester, der tilbydes af os, vores servicepartnere og udpegede agenter.<br>- Alle andre virksomhedsrelaterede form\u00e5l, der er relateret til ovenst\u00e5ende form\u00e5l.<\/p>\n<p><b>5. Adgang til \/ rettelse \/ opdatering af dine personlige data<\/b><\/p>\n<p>Afh\u00e6ngigt af dit bop\u00e6lsland og dets lovgivning kan du have ret til at anmode om en kopi af dine persondata, slette dine persondata, foretage \u00e6ndringer i dem eller begr\u00e6nse behandlingen af dem. Vi besvarer dine anmodninger s\u00e5 hurtigt som muligt, men det kan v\u00e6re n\u00f8dvendigt at verificere anmodningens \u00e6gthed.<\/p>\n<p>I s\u00e6rlige situationer kan vi anmode om yderligere personoplysninger, f.eks. KYC-dokumenter, for at overholde juridiske og lovgivningsm\u00e6ssige krav eller i tilf\u00e6lde af en tvist mellem dig og os.<\/p>\n<p>Du har f\u00f8lgende rettigheder:<\/p>\n<p>- Ret til adgang: Du kan f\u00e5 adgang til eller kopier af dine personlige oplysninger.<br>- Ret til berigtigelse: Du kan rette un\u00f8jagtige personlige oplysninger og udfylde ufuldst\u00e6ndige oplysninger.<br>- Ret til sletning: Du kan anmode om sletning af dine personoplysninger under visse omst\u00e6ndigheder.<br>- Ret til begr\u00e6nsning af behandling: Du kan anmode om begr\u00e6nsning af behandlingen af dine personlige oplysninger under visse omst\u00e6ndigheder.<br>- Ret til at g\u00f8re indsigelse: Du kan g\u00f8re indsigelse mod behandlingen af dine personlige oplysninger under visse omst\u00e6ndigheder.<br>- Ret til dataportabilitet: Du kan anmode om overf\u00f8rsel af dine personlige oplysninger til et andet organ eller direkte til dig under visse omst\u00e6ndigheder.<\/p>\n<p><b>6. Tilbagetr\u00e6kning af samtykke<\/b><\/p>\n<p>Behandling af dine personoplysninger til de centrale form\u00e5l er n\u00f8dvendig for, at vi kan levere vores tjenester. Hvis du ikke giver samtykke til behandling af dine personoplysninger til sekund\u00e6re form\u00e5l, vil du muligvis ikke modtage opdateringer om vores tjenester og produkter.<\/p>\n<p>Du kan stoppe med at modtage salgsfremmende aktiviteter ved at afmelde dig fra mailinglister, redigere dine kontoindstillinger eller sende en anmodning via contact@yetiouro.io.<\/p>\n<p><b>7. Videregivelse af dine personlige data<\/b><\/p>\n<p>Vi handler ikke med eller s\u00e6lger dine personlige data til tredjeparter. Vi kan videregive eller overf\u00f8re dine personlige data til f\u00f8lgende tredjeparter til de form\u00e5l, der er angivet ovenfor:<\/p>\n<p>- Data warehouses.<br>- IT-tjenesteudbydere.<br>- Dataanalyse og\/eller marketingbureauer.<br>- Juridiske organer som tilladt eller p\u00e5kr\u00e6vet ved lov.<br>- Lovgivende myndigheder, der g\u00e6lder for dig.<br>- Sikkerheds- og sikringspersonale.<\/p>\n<p>Derudover kan dine personlige data blive videregivet eller overf\u00f8rt til vores faktiske og potentielle modtagere, overdragere eller k\u00f8bere, herunder tilknyttede virksomheder, datterselskaber eller i forbindelse med omstrukturering eller ud\u00f8velse af virksomhed.<\/p>\n<p>Vi tager skridt til at sikre, at tredjeparter, der er involveret i indsamling, brug og videregivelse af dine personlige data, overholder vilk\u00e5rene i denne erkl\u00e6ring om beskyttelse af personlige oplysninger.<\/p>\n<p><b>8. Opbevaring af dine personlige data<\/b><\/p>\n<p>Vi opbevarer dine personoplysninger, s\u00e5 l\u00e6nge det er n\u00f8dvendigt til de form\u00e5l, der er angivet ovenfor. Efter denne periode tager vi skridt til at destruere eller slette dine persondata permanent og sikkert. Inaktive data vil blive bortskaffet efter en periode p\u00e5 24 m\u00e5neder i henhold til vores bortskaffelsesplan.<\/p>\n<p>Selvom vi implementerer sikkerhedsforanstaltninger for at beskytte dine personlige data, kan vi ikke garantere, at der ikke sker et databrud. Det anbefales, at du tr\u00e6ffer yderligere sikkerhedsforanstaltninger, s\u00e5som at bruge 2-faktor-autentificering, for yderligere at beskytte dine kontooplysninger og personlige data. Hvis du har mistanke om, at dine data er blevet kompromitteret, bedes du straks kontakte vores supportteam.<\/p>\n<p><b>9. Links til tredjepartswebsteder<\/b><\/p>\n<p>Vi kan give links til tredjepartswebsteder p\u00e5 vores websted eller applikationer. Bem\u00e6rk, at denne fortrolighedserkl\u00e6ring ikke g\u00e6lder for disse tredjepartswebsteder, da de er uden for vores kontrol. F\u00f8r du sender personlige oplysninger til tredjepartswebsteder, bedes du l\u00e6se deres fortrolighedserkl\u00e6ringer for at sikre, at du er tryg ved deres fortrolighedspraksis. Vi bestr\u00e6ber os p\u00e5 at sikre, at tredjepartswebsteder har tilstr\u00e6kkelige foranstaltninger til beskyttelse af personlige oplysninger, men vi er ikke ansvarlige for deres aktiviteter eller overholdelse af privatlivets fred.<\/p>\n<p><b>10. Yderligere information eller assistance<\/b><\/p>\n<p>V\u00e6r opm\u00e6rksom p\u00e5, at denne privatlivspolitik kan blive \u00e6ndret i overensstemmelse med g\u00e6ldende love og regler. Eventuelle \u00e6ndringer vil v\u00e6re g\u00e6ldende for dig.<\/p>\n<p>Hvis du har sp\u00f8rgsm\u00e5l, klager eller \u00f8nsker at f\u00e5 adgang til, opdatere eller \u00e6ndre dine personlige data som n\u00e6vnt ovenfor, bedes du kontakte os p\u00e5 contact@yetiouro.io.<\/p>\t\t\t\t\t\t\t\t<\/div>\n\t\t\t\t<\/div>\n\t\t\t\t\t<\/div>\n\t\t\t\t<\/div>\n\t\t\t\t<\/div>","protected":false},"excerpt":{"rendered":"<p>Privacy Policy for Yeti Ouro Welcome to Yeti Ouro! This Privacy Policy is an integral part of our Terms and Conditions. The definitions used in this Privacy Policy have the same meanings as in the Terms, unless otherwise specified. Our Privacy Policy outlines how Yeti Ouro and Yeti Ouro Operators collect, use, process, disclose, share, [&hellip;]<\/p>","protected":false},"author":6,"featured_media":0,"parent":0,"menu_order":0,"comment_status":"closed","ping_status":"closed","template":"","meta":{"_monsterinsights_skip_tracking":false,"_monsterinsights_sitenote_active":false,"_monsterinsights_sitenote_note":"","_monsterinsights_sitenote_category":0,"footnotes":""},"class_list":["post-27","page","type-page","status-publish","hentry"],"_links":{"self":[{"href":"https:\/\/yetiouro.io\/da\/wp-json\/wp\/v2\/pages\/27","targetHints":{"allow":["GET"]}}],"collection":[{"href":"https:\/\/yetiouro.io\/da\/wp-json\/wp\/v2\/pages"}],"about":[{"href":"https:\/\/yetiouro.io\/da\/wp-json\/wp\/v2\/types\/page"}],"author":[{"embeddable":true,"href":"https:\/\/yetiouro.io\/da\/wp-json\/wp\/v2\/users\/6"}],"replies":[{"embeddable":true,"href":"https:\/\/yetiouro.io\/da\/wp-json\/wp\/v2\/comments?post=27"}],"version-history":[{"count":0,"href":"https:\/\/yetiouro.io\/da\/wp-json\/wp\/v2\/pages\/27\/revisions"}],"wp:attachment":[{"href":"https:\/\/yetiouro.io\/da\/wp-json\/wp\/v2\/media?parent=27"}],"curies":[{"name":"wp","href":"https:\/\/api.w.org\/{rel}","templated":true}]}}